{"id":1081,"date":"2025-06-19T10:24:48","date_gmt":"2025-06-19T14:24:48","guid":{"rendered":"https:\/\/tiramisu.cl\/sitio\/?page_id=1081"},"modified":"2025-06-19T10:25:07","modified_gmt":"2025-06-19T14:25:07","slug":"galeria-tiramisu","status":"publish","type":"page","link":"https:\/\/tiramisu.cl\/sitio\/galeria-tiramisu\/","title":{"rendered":"galeria tiramisu"},"content":{"rendered":"","protected":false},"excerpt":{"rendered":"","protected":false},"author":1,"featured_media":0,"parent":0,"menu_order":0,"comment_status":"closed","ping_status":"closed","template":"page-galeria.php","meta":{"footnotes":""},"class_list":["post-1081","page","type-page","status-publish","hentry"],"yoast_head":"<!-- This site is optimized with the Yoast SEO plugin v25.4 - https:\/\/yoast.com\/wordpress\/plugins\/seo\/ -->\n<title>galeria tiramisu &#8226; Tiramis\u00fa Pizzer\u00eda &amp; Birreria &#8226; Santiago - CHILE<\/title>\n<meta name=\"description\" content=\"galeria tiramisu Tiramis\u00fa Pizzer\u00eda &amp; Birreria\" \/>\n<meta name=\"robots\" content=\"index, follow, max-snippet:-1, max-image-preview:large, max-video-preview:-1\" \/>\n<link rel=\"canonical\" href=\"https:\/\/tiramisu.cl\/sitio\/galeria-tiramisu\/\" \/>\n<meta property=\"og:locale\" content=\"es_ES\" \/>\n<meta property=\"og:type\" content=\"article\" \/>\n<meta property=\"og:title\" content=\"galeria tiramisu &#8226; Tiramis\u00fa Pizzer\u00eda &amp; Birreria &#8226; Santiago - CHILE\" \/>\n<meta property=\"og:description\" content=\"galeria tiramisu Tiramis\u00fa Pizzer\u00eda &amp; Birreria\" \/>\n<meta property=\"og:url\" content=\"https:\/\/tiramisu.cl\/sitio\/galeria-tiramisu\/\" \/>\n<meta property=\"og:site_name\" content=\"Tiramis\u00fa Pizzer\u00eda &amp; Birreria\" \/>\n<meta property=\"article:modified_time\" content=\"2025-06-19T14:25:07+00:00\" \/>\n<meta property=\"og:image\" content=\"https:\/\/tiramisu.cl\/sitio\/wp-content\/uploads\/2023\/05\/logo-2023.png\" \/>\n\t<meta property=\"og:image:width\" content=\"446\" \/>\n\t<meta property=\"og:image:height\" content=\"210\" \/>\n\t<meta property=\"og:image:type\" content=\"image\/png\" \/>\n<meta name=\"twitter:card\" content=\"summary_large_image\" \/>\n<script type=\"application\/ld+json\" class=\"yoast-schema-graph\">{\"@context\":\"https:\/\/schema.org\",\"@graph\":[{\"@type\":\"WebPage\",\"@id\":\"https:\/\/tiramisu.cl\/sitio\/galeria-tiramisu\/\",\"url\":\"https:\/\/tiramisu.cl\/sitio\/galeria-tiramisu\/\",\"name\":\"galeria tiramisu &#8226; Tiramis\u00fa Pizzer\u00eda &amp; Birreria &#8226; Santiago - CHILE\",\"isPartOf\":{\"@id\":\"https:\/\/tiramisu.cl\/sitio\/#website\"},\"datePublished\":\"2025-06-19T14:24:48+00:00\",\"dateModified\":\"2025-06-19T14:25:07+00:00\",\"description\":\"galeria tiramisu Tiramis\u00fa Pizzer\u00eda &amp; Birreria\",\"breadcrumb\":{\"@id\":\"https:\/\/tiramisu.cl\/sitio\/galeria-tiramisu\/#breadcrumb\"},\"inLanguage\":\"es\",\"potentialAction\":[{\"@type\":\"ReadAction\",\"target\":[\"https:\/\/tiramisu.cl\/sitio\/galeria-tiramisu\/\"]}]},{\"@type\":\"BreadcrumbList\",\"@id\":\"https:\/\/tiramisu.cl\/sitio\/galeria-tiramisu\/#breadcrumb\",\"itemListElement\":[{\"@type\":\"ListItem\",\"position\":1,\"name\":\"Portada\",\"item\":\"https:\/\/tiramisu.cl\/sitio\/\"},{\"@type\":\"ListItem\",\"position\":2,\"name\":\"galeria tiramisu\"}]},{\"@type\":\"WebSite\",\"@id\":\"https:\/\/tiramisu.cl\/sitio\/#website\",\"url\":\"https:\/\/tiramisu.cl\/sitio\/\",\"name\":\"Tiramis\u00fa pizzer\u00eda birreria\",\"description\":\"Santiago - CHILE\",\"publisher\":{\"@id\":\"https:\/\/tiramisu.cl\/sitio\/#organization\"},\"potentialAction\":[{\"@type\":\"SearchAction\",\"target\":{\"@type\":\"EntryPoint\",\"urlTemplate\":\"https:\/\/tiramisu.cl\/sitio\/?s={search_term_string}\"},\"query-input\":{\"@type\":\"PropertyValueSpecification\",\"valueRequired\":true,\"valueName\":\"search_term_string\"}}],\"inLanguage\":\"es\"},{\"@type\":\"Organization\",\"@id\":\"https:\/\/tiramisu.cl\/sitio\/#organization\",\"name\":\"Tiramis\u00fa pizzer\u00eda birreria\",\"url\":\"https:\/\/tiramisu.cl\/sitio\/\",\"logo\":{\"@type\":\"ImageObject\",\"inLanguage\":\"es\",\"@id\":\"https:\/\/tiramisu.cl\/sitio\/#\/schema\/logo\/image\/\",\"url\":\"https:\/\/tiramisu.cl\/sitio\/wp-content\/uploads\/2023\/05\/logo-2023.png\",\"contentUrl\":\"https:\/\/tiramisu.cl\/sitio\/wp-content\/uploads\/2023\/05\/logo-2023.png\",\"width\":446,\"height\":210,\"caption\":\"Tiramis\u00fa pizzer\u00eda birreria\"},\"image\":{\"@id\":\"https:\/\/tiramisu.cl\/sitio\/#\/schema\/logo\/image\/\"},\"sameAs\":[\"https:\/\/www.instagram.com\/pizzeria_tiramisu\/\"]}]}<\/script>\n<!-- \/ Yoast SEO plugin. -->","yoast_head_json":{"title":"galeria tiramisu &#8226; Tiramis\u00fa Pizzer\u00eda &amp; Birreria &#8226; Santiago - CHILE","description":"galeria tiramisu Tiramis\u00fa Pizzer\u00eda &amp; Birreria","robots":{"index":"index","follow":"follow","max-snippet":"max-snippet:-1","max-image-preview":"max-image-preview:large","max-video-preview":"max-video-preview:-1"},"canonical":"https:\/\/tiramisu.cl\/sitio\/galeria-tiramisu\/","og_locale":"es_ES","og_type":"article","og_title":"galeria tiramisu &#8226; Tiramis\u00fa Pizzer\u00eda &amp; Birreria &#8226; Santiago - CHILE","og_description":"galeria tiramisu Tiramis\u00fa Pizzer\u00eda &amp; Birreria","og_url":"https:\/\/tiramisu.cl\/sitio\/galeria-tiramisu\/","og_site_name":"Tiramis\u00fa Pizzer\u00eda &amp; Birreria","article_modified_time":"2025-06-19T14:25:07+00:00","og_image":[{"width":446,"height":210,"url":"https:\/\/tiramisu.cl\/sitio\/wp-content\/uploads\/2023\/05\/logo-2023.png","type":"image\/png"}],"twitter_card":"summary_large_image","schema":{"@context":"https:\/\/schema.org","@graph":[{"@type":"WebPage","@id":"https:\/\/tiramisu.cl\/sitio\/galeria-tiramisu\/","url":"https:\/\/tiramisu.cl\/sitio\/galeria-tiramisu\/","name":"galeria tiramisu &#8226; Tiramis\u00fa Pizzer\u00eda &amp; Birreria &#8226; Santiago - CHILE","isPartOf":{"@id":"https:\/\/tiramisu.cl\/sitio\/#website"},"datePublished":"2025-06-19T14:24:48+00:00","dateModified":"2025-06-19T14:25:07+00:00","description":"galeria tiramisu Tiramis\u00fa Pizzer\u00eda &amp; Birreria","breadcrumb":{"@id":"https:\/\/tiramisu.cl\/sitio\/galeria-tiramisu\/#breadcrumb"},"inLanguage":"es","potentialAction":[{"@type":"ReadAction","target":["https:\/\/tiramisu.cl\/sitio\/galeria-tiramisu\/"]}]},{"@type":"BreadcrumbList","@id":"https:\/\/tiramisu.cl\/sitio\/galeria-tiramisu\/#breadcrumb","itemListElement":[{"@type":"ListItem","position":1,"name":"Portada","item":"https:\/\/tiramisu.cl\/sitio\/"},{"@type":"ListItem","position":2,"name":"galeria tiramisu"}]},{"@type":"WebSite","@id":"https:\/\/tiramisu.cl\/sitio\/#website","url":"https:\/\/tiramisu.cl\/sitio\/","name":"Tiramis\u00fa pizzer\u00eda birreria","description":"Santiago - CHILE","publisher":{"@id":"https:\/\/tiramisu.cl\/sitio\/#organization"},"potentialAction":[{"@type":"SearchAction","target":{"@type":"EntryPoint","urlTemplate":"https:\/\/tiramisu.cl\/sitio\/?s={search_term_string}"},"query-input":{"@type":"PropertyValueSpecification","valueRequired":true,"valueName":"search_term_string"}}],"inLanguage":"es"},{"@type":"Organization","@id":"https:\/\/tiramisu.cl\/sitio\/#organization","name":"Tiramis\u00fa pizzer\u00eda birreria","url":"https:\/\/tiramisu.cl\/sitio\/","logo":{"@type":"ImageObject","inLanguage":"es","@id":"https:\/\/tiramisu.cl\/sitio\/#\/schema\/logo\/image\/","url":"https:\/\/tiramisu.cl\/sitio\/wp-content\/uploads\/2023\/05\/logo-2023.png","contentUrl":"https:\/\/tiramisu.cl\/sitio\/wp-content\/uploads\/2023\/05\/logo-2023.png","width":446,"height":210,"caption":"Tiramis\u00fa pizzer\u00eda birreria"},"image":{"@id":"https:\/\/tiramisu.cl\/sitio\/#\/schema\/logo\/image\/"},"sameAs":["https:\/\/www.instagram.com\/pizzeria_tiramisu\/"]}]}},"_links":{"self":[{"href":"https:\/\/tiramisu.cl\/sitio\/wp-json\/wp\/v2\/pages\/1081","targetHints":{"allow":["GET"]}}],"collection":[{"href":"https:\/\/tiramisu.cl\/sitio\/wp-json\/wp\/v2\/pages"}],"about":[{"href":"https:\/\/tiramisu.cl\/sitio\/wp-json\/wp\/v2\/types\/page"}],"author":[{"embeddable":true,"href":"https:\/\/tiramisu.cl\/sitio\/wp-json\/wp\/v2\/users\/1"}],"replies":[{"embeddable":true,"href":"https:\/\/tiramisu.cl\/sitio\/wp-json\/wp\/v2\/comments?post=1081"}],"version-history":[{"count":1,"href":"https:\/\/tiramisu.cl\/sitio\/wp-json\/wp\/v2\/pages\/1081\/revisions"}],"predecessor-version":[{"id":1082,"href":"https:\/\/tiramisu.cl\/sitio\/wp-json\/wp\/v2\/pages\/1081\/revisions\/1082"}],"wp:attachment":[{"href":"https:\/\/tiramisu.cl\/sitio\/wp-json\/wp\/v2\/media?parent=1081"}],"curies":[{"name":"wp","href":"https:\/\/api.w.org\/{rel}","templated":true}]}}