{"id":122,"date":"2023-05-25T18:16:03","date_gmt":"2023-05-25T18:16:03","guid":{"rendered":"http:\/\/tiramisu.test\/?page_id=122"},"modified":"2025-06-12T18:11:49","modified_gmt":"2025-06-12T22:11:49","slug":"contacto","status":"publish","type":"page","link":"https:\/\/tiramisu.cl\/sitio\/contacto\/","title":{"rendered":"CONTACTO"},"content":{"rendered":"<div class=\"icono-social animated delay-2s fadeInRight\"><a href=\"https:\/\/www.tripadvisor.cl\/Restaurant_Review-g294305-d798593-Reviews-Pizzeria_Tiramisu-Santiago_Santiago_Metropolitan_Region.html\" target=\"_blank\" rel=\"noopener\">\r\n<img decoding=\"async\" src=\"http:\/\/tiramisu.cl\/sitio\/wp-content\/uploads\/2023\/06\/social_1.png\" alt=\"social 1\" \/>\r\n<\/a>\r\n<a href=\"https:\/\/www.instagram.com\/pizzeria_tiramisu\/\" target=\"_blank\" rel=\"noopener\">\r\n<img decoding=\"async\" src=\"http:\/\/tiramisu.cl\/sitio\/wp-content\/uploads\/2023\/06\/social_2.png\" alt=\"social instagran\" \/>\r\n<\/a>\r\n&nbsp;\r\n\r\n<a class=\"trabajo\" href=\"mailto:trabajo@tiramisu.cl?subject=--%20TRABAJA%20CON%20NOSOTROS%20--\" target=\"_blank\" rel=\"noopener\"><img decoding=\"async\" src=\"http:\/\/tiramisu.cl\/sitio\/wp-content\/uploads\/2025\/05\/icono-trabajo.png\" alt=\"trabaja con nosotros\" \/><\/a><\/div>\r\n<noscript class=\"ninja-forms-noscript-message\">\n\tAviso: Se requiere JavaScript para este contenido.<\/noscript>\n<div id=\"nf-form-2-cont\" class=\"nf-form-cont animated delay-1s fadeInUp\" aria-live=\"polite\" aria-labelledby=\"nf-form-title-2\" aria-describedby=\"nf-form-errors-2\" role=\"form\">\n\n    <div class=\"nf-loading-spinner\"><\/div>\n\n<\/div>\n        <!-- That data is being printed as a workaround to page builders reordering the order of the scripts loaded-->\n        <script>var formDisplay=1;var nfForms=nfForms||[];var form=[];form.id='2';form.settings={\"objectType\":\"Form Setting\",\"editActive\":true,\"title\":\"CONTACTO\",\"show_title\":1,\"allow_public_link\":0,\"embed_form\":\"\",\"clear_complete\":1,\"hide_complete\":1,\"default_label_pos\":\"above\",\"wrapper_class\":\"animated delay-1s fadeInUp\",\"element_class\":\"\",\"form_title_heading_level\":\"3\",\"key\":\"\",\"add_submit\":1,\"currency\":\"\",\"unique_field_error\":\"Ya se ha enviado un formulario con este valor.\",\"logged_in\":false,\"not_logged_in_msg\":\"\",\"sub_limit_msg\":\"Has alcanzado el l\\u00edmite de env\\u00edos en el formulario.\",\"calculations\":[],\"formContentData\":[\"firstname_1685038654542\",\"lastname_1685038656682\",\"phone_1685038661814\",\"email_1685038668961\",\"asunto_1685039611023\",\"mensaje_1685039156776\",\"enviar_mensaje_1685039235493\"],\"changeEmailErrorMsg\":\"Introduce una direcci\\u00f3n de correo electr\\u00f3nico v\\u00e1lida.\",\"changeDateErrorMsg\":\"\\u00a1Introduce una fecha v\\u00e1lida!\",\"confirmFieldErrorMsg\":\"Estos campos deben coincidir.\",\"fieldNumberNumMinError\":\"Error de n\\u00famero m\\u00ednimo\",\"fieldNumberNumMaxError\":\"Error de n\\u00famero m\\u00e1ximo\",\"fieldNumberIncrementBy\":\"Increm\\u00e9ntalo por \",\"formErrorsCorrectErrors\":\"Corrige los errores antes de enviar este formulario.\",\"validateRequiredField\":\"Esto es un campo obligatorio.\",\"honeypotHoneypotError\":\"Error de Honeypot\",\"fieldsMarkedRequired\":\"Los campos marcados con <span class=\\\"ninja-forms-req-symbol\\\">*<\\\/span> son obligatorios\",\"drawerDisabled\":false,\"ninjaForms\":\"Ninja Forms\",\"fieldTextareaRTEInsertLink\":\"Insertar enlace\",\"fieldTextareaRTEInsertMedia\":\"Insertar medios\",\"fieldTextareaRTESelectAFile\":\"Seleccione un archivo\",\"formHoneypot\":\"Si eres un ser humano y est\\u00e1s viendo este campo, por favor d\\u00e9jalo vac\\u00edo.\",\"fileUploadOldCodeFileUploadInProgress\":\"Subida de archivo en curso.\",\"fileUploadOldCodeFileUpload\":\"SUBIDA DE ARCHIVO\",\"currencySymbol\":\"&#36;\",\"thousands_sep\":\".\",\"decimal_point\":\",\",\"siteLocale\":\"es_ES\",\"dateFormat\":\"m\\\/d\\\/Y\",\"startOfWeek\":\"1\",\"of\":\"de\",\"previousMonth\":\"Mes anterior\",\"nextMonth\":\"Pr\\u00f3ximo mes\",\"months\":[\"Enero\",\"Febrero\",\"Marzo\",\"Abril\",\"Mayo\",\"Junio\",\"Julio\",\"Agosto\",\"Septiembre\",\"Octubre\",\"Noviembre\",\"Diciembre\"],\"monthsShort\":[\"Ene\",\"Feb\",\"Mar\",\"Abr\",\"Mayo\",\"Jun\",\"Jul\",\"Ago\",\"Sep\",\"Oct\",\"Nov\",\"Dic\"],\"weekdays\":[\"Domingo\",\"Lunes\",\"Martes\",\"Mi\\u00e9rcoles\",\"Jueves\",\"Viernes\",\"S\\u00e1bado\"],\"weekdaysShort\":[\"Dom\",\"Lun\",\"Mar\",\"Mi\\u00e9\",\"Jue\",\"Vie\",\"S\\u00e1b\"],\"weekdaysMin\":[\"Do\",\"Lu\",\"Ma\",\"Mi\",\"Ju\",\"Vi\",\"S\\u00e1\"],\"recaptchaConsentMissing\":\"reCaptcha validation couldn&#039;t load.\",\"recaptchaMissingCookie\":\"reCaptcha v3 validation couldn&#039;t load the cookie needed to submit the form.\",\"recaptchaConsentEvent\":\"Accept reCaptcha cookies before sending the form.\",\"currency_symbol\":\"\",\"beforeForm\":\"\",\"beforeFields\":\"\",\"afterFields\":\"\",\"afterForm\":\"\"};form.fields=[{\"objectType\":\"Field\",\"objectDomain\":\"fields\",\"editActive\":false,\"order\":1,\"idAttribute\":\"id\",\"label\":\"Nombre\",\"type\":\"firstname\",\"key\":\"firstname_1685038654542\",\"label_pos\":\"hidden\",\"required\":1,\"default\":\"\",\"placeholder\":\"Nombre\",\"container_class\":\"first one-half formulario\",\"element_class\":\"\",\"admin_label\":\"\",\"help_text\":\"\",\"custom_name_attribute\":\"fname\",\"personally_identifiable\":1,\"value\":\"\",\"drawerDisabled\":false,\"id\":5,\"beforeField\":\"\",\"afterField\":\"\",\"parentType\":\"firstname\",\"element_templates\":[\"firstname\",\"input\"],\"old_classname\":\"\",\"wrap_template\":\"wrap\"},{\"objectType\":\"Field\",\"objectDomain\":\"fields\",\"editActive\":false,\"order\":2,\"idAttribute\":\"id\",\"label\":\"Apellidos\",\"type\":\"lastname\",\"key\":\"lastname_1685038656682\",\"label_pos\":\"hidden\",\"required\":1,\"default\":\"\",\"placeholder\":\"Apellidos\",\"container_class\":\"one-half formulario\",\"element_class\":\"\",\"admin_label\":\"\",\"help_text\":\"\",\"custom_name_attribute\":\"lname\",\"personally_identifiable\":1,\"value\":\"\",\"drawerDisabled\":false,\"id\":6,\"beforeField\":\"\",\"afterField\":\"\",\"parentType\":\"lastname\",\"element_templates\":[\"lastname\",\"input\"],\"old_classname\":\"\",\"wrap_template\":\"wrap\"},{\"objectType\":\"Field\",\"objectDomain\":\"fields\",\"editActive\":false,\"order\":3,\"idAttribute\":\"id\",\"label\":\"Tel\\u00e9fono\",\"type\":\"phone\",\"key\":\"phone_1685038661814\",\"label_pos\":\"hidden\",\"required\":1,\"default\":\"\",\"placeholder\":\"Tel\\u00e9fono\",\"container_class\":\"one-half first formulario\",\"element_class\":\"\",\"input_limit\":\"\",\"input_limit_type\":\"characters\",\"input_limit_msg\":\"Caracteres restantes\",\"manual_key\":false,\"admin_label\":\"\",\"help_text\":\"\",\"mask\":\"\",\"custom_mask\":\"\",\"custom_name_attribute\":\"phone\",\"personally_identifiable\":1,\"value\":\"\",\"drawerDisabled\":false,\"id\":7,\"beforeField\":\"\",\"afterField\":\"\",\"parentType\":\"textbox\",\"element_templates\":[\"tel\",\"textbox\",\"input\"],\"old_classname\":\"\",\"wrap_template\":\"wrap\"},{\"objectType\":\"Field\",\"objectDomain\":\"fields\",\"editActive\":false,\"order\":4,\"idAttribute\":\"id\",\"label\":\"Correo electr\\u00f3nico\",\"type\":\"email\",\"key\":\"email_1685038668961\",\"label_pos\":\"hidden\",\"required\":1,\"default\":\"\",\"placeholder\":\"Correo electr\\u00f3nico\",\"container_class\":\"one-half formulario\",\"element_class\":\"\",\"admin_label\":\"\",\"help_text\":\"\",\"custom_name_attribute\":\"email\",\"personally_identifiable\":1,\"value\":\"\",\"drawerDisabled\":false,\"id\":8,\"beforeField\":\"\",\"afterField\":\"\",\"parentType\":\"email\",\"element_templates\":[\"email\",\"input\"],\"old_classname\":\"\",\"wrap_template\":\"wrap\"},{\"objectType\":\"Field\",\"objectDomain\":\"fields\",\"editActive\":false,\"order\":5,\"idAttribute\":\"id\",\"label\":\"Asunto\",\"type\":\"listselect\",\"key\":\"asunto_1685039611023\",\"label_pos\":\"left\",\"required\":false,\"options\":[{\"errors\":[],\"max_options\":0,\"label\":\"CONSULTA\",\"value\":\"CONSULTA\",\"calc\":\"\",\"selected\":0,\"order\":0,\"settingModel\":{\"settings\":false,\"hide_merge_tags\":false,\"error\":false,\"name\":\"options\",\"type\":\"option-repeater\",\"label\":\"Opciones <a href=\\\"#\\\" class=\\\"nf-add-new\\\">A\\u00f1adir nuevo<\\\/a> <a href=\\\"#\\\" class=\\\"extra nf-open-import-tooltip\\\"><i class=\\\"fa fa-sign-in\\\" aria-hidden=\\\"true\\\"><\\\/i> Importar<\\\/a>\",\"width\":\"full\",\"group\":\"\",\"value\":[{\"label\":\"Uno\",\"value\":\"uno\",\"calc\":\"\",\"selected\":0,\"order\":0},{\"label\":\"Dos\",\"value\":\"dos\",\"calc\":\"\",\"selected\":0,\"order\":1},{\"label\":\"Tres\",\"value\":\"tres\",\"calc\":\"\",\"selected\":0,\"order\":2}],\"columns\":{\"label\":{\"header\":\"Etiqueta\",\"default\":\"\"},\"value\":{\"header\":\"Valor\",\"default\":\"\"},\"calc\":{\"header\":\"Valor calc\",\"default\":\"\"},\"selected\":{\"header\":\"<span class=\\\"dashicons dashicons-yes\\\"><\\\/span>\",\"default\":0}}},\"manual_value\":true},{\"errors\":[],\"max_options\":0,\"label\":\"SUGERENCIA\",\"value\":\"SUGERENCIA\",\"calc\":\"\",\"selected\":0,\"order\":1,\"settingModel\":{\"settings\":false,\"hide_merge_tags\":false,\"error\":false,\"name\":\"options\",\"type\":\"option-repeater\",\"label\":\"Opciones <a href=\\\"#\\\" class=\\\"nf-add-new\\\">A\\u00f1adir nuevo<\\\/a> <a href=\\\"#\\\" class=\\\"extra nf-open-import-tooltip\\\"><i class=\\\"fa fa-sign-in\\\" aria-hidden=\\\"true\\\"><\\\/i> Importar<\\\/a>\",\"width\":\"full\",\"group\":\"\",\"value\":[{\"label\":\"Uno\",\"value\":\"uno\",\"calc\":\"\",\"selected\":0,\"order\":0},{\"label\":\"Dos\",\"value\":\"dos\",\"calc\":\"\",\"selected\":0,\"order\":1},{\"label\":\"Tres\",\"value\":\"tres\",\"calc\":\"\",\"selected\":0,\"order\":2}],\"columns\":{\"label\":{\"header\":\"Etiqueta\",\"default\":\"\"},\"value\":{\"header\":\"Valor\",\"default\":\"\"},\"calc\":{\"header\":\"Valor calc\",\"default\":\"\"},\"selected\":{\"header\":\"<span class=\\\"dashicons dashicons-yes\\\"><\\\/span>\",\"default\":0}}},\"manual_value\":true},{\"errors\":[],\"max_options\":0,\"label\":\"FELICITACIONES\",\"value\":\"FELICITACIONES\",\"calc\":\"\",\"selected\":0,\"order\":2,\"settingModel\":{\"settings\":false,\"hide_merge_tags\":false,\"error\":false,\"name\":\"options\",\"type\":\"option-repeater\",\"label\":\"Opciones <a href=\\\"#\\\" class=\\\"nf-add-new\\\">A\\u00f1adir nuevo<\\\/a> <a href=\\\"#\\\" class=\\\"extra nf-open-import-tooltip\\\"><i class=\\\"fa fa-sign-in\\\" aria-hidden=\\\"true\\\"><\\\/i> Importar<\\\/a>\",\"width\":\"full\",\"group\":\"\",\"value\":[{\"label\":\"Uno\",\"value\":\"uno\",\"calc\":\"\",\"selected\":0,\"order\":0},{\"label\":\"Dos\",\"value\":\"dos\",\"calc\":\"\",\"selected\":0,\"order\":1},{\"label\":\"Tres\",\"value\":\"tres\",\"calc\":\"\",\"selected\":0,\"order\":2}],\"columns\":{\"label\":{\"header\":\"Etiqueta\",\"default\":\"\"},\"value\":{\"header\":\"Valor\",\"default\":\"\"},\"calc\":{\"header\":\"Valor calc\",\"default\":\"\"},\"selected\":{\"header\":\"<span class=\\\"dashicons dashicons-yes\\\"><\\\/span>\",\"default\":0}}},\"manual_value\":true},{\"errors\":[],\"max_options\":0,\"order\":3,\"new\":false,\"options\":[],\"label\":\"MOLESTIAS\",\"value\":\"MOLESTIAS\",\"calc\":\"\",\"selected\":0,\"settingModel\":{\"settings\":false,\"hide_merge_tags\":false,\"error\":false,\"name\":\"options\",\"type\":\"option-repeater\",\"label\":\"Opciones <a href=\\\"#\\\" class=\\\"nf-add-new\\\">A\\u00f1adir nuevo<\\\/a> <a href=\\\"#\\\" class=\\\"extra nf-open-import-tooltip\\\"><i class=\\\"fa fa-sign-in\\\" aria-hidden=\\\"true\\\"><\\\/i> Importar<\\\/a>\",\"width\":\"full\",\"group\":\"\",\"value\":[{\"label\":\"Uno\",\"value\":\"uno\",\"calc\":\"\",\"selected\":0,\"order\":0},{\"label\":\"Dos\",\"value\":\"dos\",\"calc\":\"\",\"selected\":0,\"order\":1},{\"label\":\"Tres\",\"value\":\"tres\",\"calc\":\"\",\"selected\":0,\"order\":2}],\"columns\":{\"label\":{\"header\":\"Etiqueta\",\"default\":\"\"},\"value\":{\"header\":\"Valor\",\"default\":\"\"},\"calc\":{\"header\":\"Valor calc\",\"default\":\"\"},\"selected\":{\"header\":\"<span class=\\\"dashicons dashicons-yes\\\"><\\\/span>\",\"default\":0}}},\"manual_value\":true}],\"container_class\":\"formulario \",\"element_class\":\"\",\"admin_label\":\"\",\"help_text\":\"\",\"drawerDisabled\":false,\"id\":9,\"beforeField\":\"\",\"afterField\":\"\",\"value\":\"\",\"parentType\":\"list\",\"element_templates\":[\"listselect\",\"input\"],\"old_classname\":\"list-select\",\"wrap_template\":\"wrap\"},{\"objectType\":\"Field\",\"objectDomain\":\"fields\",\"editActive\":false,\"order\":6,\"idAttribute\":\"id\",\"label\":\"Mensaje\",\"type\":\"textarea\",\"key\":\"mensaje_1685039156776\",\"label_pos\":\"hidden\",\"required\":1,\"default\":\"\",\"placeholder\":\"Mensaje\",\"container_class\":\"formulario\",\"element_class\":\"\",\"input_limit\":\"\",\"input_limit_type\":\"characters\",\"input_limit_msg\":\"Caracteres restantes\",\"manual_key\":false,\"admin_label\":\"\",\"help_text\":\"\",\"textarea_rte\":0,\"disable_rte_mobile\":\"\",\"textarea_media\":\"\",\"value\":\"\",\"drawerDisabled\":false,\"id\":10,\"beforeField\":\"\",\"afterField\":\"\",\"parentType\":\"textarea\",\"element_templates\":[\"textarea\",\"input\"],\"old_classname\":\"\",\"wrap_template\":\"wrap\"},{\"objectType\":\"Field\",\"objectDomain\":\"fields\",\"editActive\":false,\"order\":9999,\"idAttribute\":\"id\",\"type\":\"submit\",\"label\":\"ENVIAR MENSAJE\",\"processing_label\":\"Procesando\",\"container_class\":\"formulario\",\"element_class\":\"\",\"key\":\"enviar_mensaje_1685039235493\",\"drawerDisabled\":false,\"admin_label\":\"\",\"id\":11,\"beforeField\":\"\",\"afterField\":\"\",\"value\":\"\",\"label_pos\":\"above\",\"parentType\":\"textbox\",\"element_templates\":[\"submit\",\"button\",\"input\"],\"old_classname\":\"\",\"wrap_template\":\"wrap-no-label\"}];nfForms.push(form);<\/script>\n        ","protected":false},"excerpt":{"rendered":"&nbsp;","protected":false},"author":1,"featured_media":0,"parent":0,"menu_order":0,"comment_status":"closed","ping_status":"closed","template":"page-tiramisu.php","meta":{"footnotes":""},"class_list":["post-122","page","type-page","status-publish","hentry"],"yoast_head":"<!-- This site is optimized with the Yoast SEO plugin v25.4 - https:\/\/yoast.com\/wordpress\/plugins\/seo\/ -->\n<title>CONTACTO &#8226; Tiramis\u00fa Pizzer\u00eda &amp; Birreria &#8226; Santiago - CHILE<\/title>\n<meta name=\"description\" content=\"CONTACTO Tiramis\u00fa Pizzer\u00eda &amp; Birreria\" \/>\n<meta name=\"robots\" content=\"index, follow, max-snippet:-1, max-image-preview:large, max-video-preview:-1\" \/>\n<link rel=\"canonical\" href=\"https:\/\/tiramisu.cl\/sitio\/contacto\/\" \/>\n<meta property=\"og:locale\" content=\"es_ES\" \/>\n<meta property=\"og:type\" content=\"article\" \/>\n<meta property=\"og:title\" content=\"CONTACTO &#8226; Tiramis\u00fa Pizzer\u00eda &amp; Birreria &#8226; Santiago - CHILE\" \/>\n<meta property=\"og:description\" content=\"CONTACTO Tiramis\u00fa Pizzer\u00eda &amp; Birreria\" \/>\n<meta property=\"og:url\" content=\"https:\/\/tiramisu.cl\/sitio\/contacto\/\" \/>\n<meta property=\"og:site_name\" content=\"Tiramis\u00fa Pizzer\u00eda &amp; Birreria\" \/>\n<meta property=\"article:modified_time\" content=\"2025-06-12T22:11:49+00:00\" \/>\n<meta property=\"og:image\" content=\"http:\/\/tiramisu.cl\/sitio\/wp-content\/uploads\/2023\/06\/social_1.png\" \/>\n<meta name=\"twitter:card\" content=\"summary_large_image\" \/>\n<script type=\"application\/ld+json\" class=\"yoast-schema-graph\">{\"@context\":\"https:\/\/schema.org\",\"@graph\":[{\"@type\":\"WebPage\",\"@id\":\"https:\/\/tiramisu.cl\/sitio\/contacto\/\",\"url\":\"https:\/\/tiramisu.cl\/sitio\/contacto\/\",\"name\":\"CONTACTO &#8226; Tiramis\u00fa Pizzer\u00eda &amp; Birreria &#8226; Santiago - CHILE\",\"isPartOf\":{\"@id\":\"https:\/\/tiramisu.cl\/sitio\/#website\"},\"primaryImageOfPage\":{\"@id\":\"https:\/\/tiramisu.cl\/sitio\/contacto\/#primaryimage\"},\"image\":{\"@id\":\"https:\/\/tiramisu.cl\/sitio\/contacto\/#primaryimage\"},\"thumbnailUrl\":\"http:\/\/tiramisu.cl\/sitio\/wp-content\/uploads\/2023\/06\/social_1.png\",\"datePublished\":\"2023-05-25T18:16:03+00:00\",\"dateModified\":\"2025-06-12T22:11:49+00:00\",\"description\":\"CONTACTO Tiramis\u00fa Pizzer\u00eda &amp; Birreria\",\"breadcrumb\":{\"@id\":\"https:\/\/tiramisu.cl\/sitio\/contacto\/#breadcrumb\"},\"inLanguage\":\"es\",\"potentialAction\":[{\"@type\":\"ReadAction\",\"target\":[\"https:\/\/tiramisu.cl\/sitio\/contacto\/\"]}]},{\"@type\":\"ImageObject\",\"inLanguage\":\"es\",\"@id\":\"https:\/\/tiramisu.cl\/sitio\/contacto\/#primaryimage\",\"url\":\"http:\/\/tiramisu.cl\/sitio\/wp-content\/uploads\/2023\/06\/social_1.png\",\"contentUrl\":\"http:\/\/tiramisu.cl\/sitio\/wp-content\/uploads\/2023\/06\/social_1.png\"},{\"@type\":\"BreadcrumbList\",\"@id\":\"https:\/\/tiramisu.cl\/sitio\/contacto\/#breadcrumb\",\"itemListElement\":[{\"@type\":\"ListItem\",\"position\":1,\"name\":\"Portada\",\"item\":\"https:\/\/tiramisu.cl\/sitio\/\"},{\"@type\":\"ListItem\",\"position\":2,\"name\":\"CONTACTO\"}]},{\"@type\":\"WebSite\",\"@id\":\"https:\/\/tiramisu.cl\/sitio\/#website\",\"url\":\"https:\/\/tiramisu.cl\/sitio\/\",\"name\":\"Tiramis\u00fa pizzer\u00eda birreria\",\"description\":\"Santiago - CHILE\",\"publisher\":{\"@id\":\"https:\/\/tiramisu.cl\/sitio\/#organization\"},\"potentialAction\":[{\"@type\":\"SearchAction\",\"target\":{\"@type\":\"EntryPoint\",\"urlTemplate\":\"https:\/\/tiramisu.cl\/sitio\/?s={search_term_string}\"},\"query-input\":{\"@type\":\"PropertyValueSpecification\",\"valueRequired\":true,\"valueName\":\"search_term_string\"}}],\"inLanguage\":\"es\"},{\"@type\":\"Organization\",\"@id\":\"https:\/\/tiramisu.cl\/sitio\/#organization\",\"name\":\"Tiramis\u00fa pizzer\u00eda birreria\",\"url\":\"https:\/\/tiramisu.cl\/sitio\/\",\"logo\":{\"@type\":\"ImageObject\",\"inLanguage\":\"es\",\"@id\":\"https:\/\/tiramisu.cl\/sitio\/#\/schema\/logo\/image\/\",\"url\":\"https:\/\/tiramisu.cl\/sitio\/wp-content\/uploads\/2023\/05\/logo-2023.png\",\"contentUrl\":\"https:\/\/tiramisu.cl\/sitio\/wp-content\/uploads\/2023\/05\/logo-2023.png\",\"width\":446,\"height\":210,\"caption\":\"Tiramis\u00fa pizzer\u00eda birreria\"},\"image\":{\"@id\":\"https:\/\/tiramisu.cl\/sitio\/#\/schema\/logo\/image\/\"},\"sameAs\":[\"https:\/\/www.instagram.com\/pizzeria_tiramisu\/\"]}]}<\/script>\n<!-- \/ Yoast SEO plugin. -->","yoast_head_json":{"title":"CONTACTO &#8226; Tiramis\u00fa Pizzer\u00eda &amp; Birreria &#8226; Santiago - CHILE","description":"CONTACTO Tiramis\u00fa Pizzer\u00eda &amp; Birreria","robots":{"index":"index","follow":"follow","max-snippet":"max-snippet:-1","max-image-preview":"max-image-preview:large","max-video-preview":"max-video-preview:-1"},"canonical":"https:\/\/tiramisu.cl\/sitio\/contacto\/","og_locale":"es_ES","og_type":"article","og_title":"CONTACTO &#8226; Tiramis\u00fa Pizzer\u00eda &amp; Birreria &#8226; Santiago - CHILE","og_description":"CONTACTO Tiramis\u00fa Pizzer\u00eda &amp; Birreria","og_url":"https:\/\/tiramisu.cl\/sitio\/contacto\/","og_site_name":"Tiramis\u00fa Pizzer\u00eda &amp; Birreria","article_modified_time":"2025-06-12T22:11:49+00:00","og_image":[{"url":"http:\/\/tiramisu.cl\/sitio\/wp-content\/uploads\/2023\/06\/social_1.png","type":"","width":"","height":""}],"twitter_card":"summary_large_image","schema":{"@context":"https:\/\/schema.org","@graph":[{"@type":"WebPage","@id":"https:\/\/tiramisu.cl\/sitio\/contacto\/","url":"https:\/\/tiramisu.cl\/sitio\/contacto\/","name":"CONTACTO &#8226; Tiramis\u00fa Pizzer\u00eda &amp; Birreria &#8226; Santiago - CHILE","isPartOf":{"@id":"https:\/\/tiramisu.cl\/sitio\/#website"},"primaryImageOfPage":{"@id":"https:\/\/tiramisu.cl\/sitio\/contacto\/#primaryimage"},"image":{"@id":"https:\/\/tiramisu.cl\/sitio\/contacto\/#primaryimage"},"thumbnailUrl":"http:\/\/tiramisu.cl\/sitio\/wp-content\/uploads\/2023\/06\/social_1.png","datePublished":"2023-05-25T18:16:03+00:00","dateModified":"2025-06-12T22:11:49+00:00","description":"CONTACTO Tiramis\u00fa Pizzer\u00eda &amp; Birreria","breadcrumb":{"@id":"https:\/\/tiramisu.cl\/sitio\/contacto\/#breadcrumb"},"inLanguage":"es","potentialAction":[{"@type":"ReadAction","target":["https:\/\/tiramisu.cl\/sitio\/contacto\/"]}]},{"@type":"ImageObject","inLanguage":"es","@id":"https:\/\/tiramisu.cl\/sitio\/contacto\/#primaryimage","url":"http:\/\/tiramisu.cl\/sitio\/wp-content\/uploads\/2023\/06\/social_1.png","contentUrl":"http:\/\/tiramisu.cl\/sitio\/wp-content\/uploads\/2023\/06\/social_1.png"},{"@type":"BreadcrumbList","@id":"https:\/\/tiramisu.cl\/sitio\/contacto\/#breadcrumb","itemListElement":[{"@type":"ListItem","position":1,"name":"Portada","item":"https:\/\/tiramisu.cl\/sitio\/"},{"@type":"ListItem","position":2,"name":"CONTACTO"}]},{"@type":"WebSite","@id":"https:\/\/tiramisu.cl\/sitio\/#website","url":"https:\/\/tiramisu.cl\/sitio\/","name":"Tiramis\u00fa pizzer\u00eda birreria","description":"Santiago - CHILE","publisher":{"@id":"https:\/\/tiramisu.cl\/sitio\/#organization"},"potentialAction":[{"@type":"SearchAction","target":{"@type":"EntryPoint","urlTemplate":"https:\/\/tiramisu.cl\/sitio\/?s={search_term_string}"},"query-input":{"@type":"PropertyValueSpecification","valueRequired":true,"valueName":"search_term_string"}}],"inLanguage":"es"},{"@type":"Organization","@id":"https:\/\/tiramisu.cl\/sitio\/#organization","name":"Tiramis\u00fa pizzer\u00eda birreria","url":"https:\/\/tiramisu.cl\/sitio\/","logo":{"@type":"ImageObject","inLanguage":"es","@id":"https:\/\/tiramisu.cl\/sitio\/#\/schema\/logo\/image\/","url":"https:\/\/tiramisu.cl\/sitio\/wp-content\/uploads\/2023\/05\/logo-2023.png","contentUrl":"https:\/\/tiramisu.cl\/sitio\/wp-content\/uploads\/2023\/05\/logo-2023.png","width":446,"height":210,"caption":"Tiramis\u00fa pizzer\u00eda birreria"},"image":{"@id":"https:\/\/tiramisu.cl\/sitio\/#\/schema\/logo\/image\/"},"sameAs":["https:\/\/www.instagram.com\/pizzeria_tiramisu\/"]}]}},"_links":{"self":[{"href":"https:\/\/tiramisu.cl\/sitio\/wp-json\/wp\/v2\/pages\/122","targetHints":{"allow":["GET"]}}],"collection":[{"href":"https:\/\/tiramisu.cl\/sitio\/wp-json\/wp\/v2\/pages"}],"about":[{"href":"https:\/\/tiramisu.cl\/sitio\/wp-json\/wp\/v2\/types\/page"}],"author":[{"embeddable":true,"href":"https:\/\/tiramisu.cl\/sitio\/wp-json\/wp\/v2\/users\/1"}],"replies":[{"embeddable":true,"href":"https:\/\/tiramisu.cl\/sitio\/wp-json\/wp\/v2\/comments?post=122"}],"version-history":[{"count":1,"href":"https:\/\/tiramisu.cl\/sitio\/wp-json\/wp\/v2\/pages\/122\/revisions"}],"predecessor-version":[{"id":1037,"href":"https:\/\/tiramisu.cl\/sitio\/wp-json\/wp\/v2\/pages\/122\/revisions\/1037"}],"wp:attachment":[{"href":"https:\/\/tiramisu.cl\/sitio\/wp-json\/wp\/v2\/media?parent=122"}],"curies":[{"name":"wp","href":"https:\/\/api.w.org\/{rel}","templated":true}]}}