{"id":130,"date":"2023-05-26T17:23:30","date_gmt":"2023-05-26T17:23:30","guid":{"rendered":"http:\/\/tiramisu.test\/?page_id=130"},"modified":"2025-06-12T18:02:42","modified_gmt":"2025-06-12T22:02:42","slug":"reserva","status":"publish","type":"page","link":"https:\/\/tiramisu.cl\/sitio\/reserva\/","title":{"rendered":"RESERVA"},"content":{"rendered":"<noscript class=\"ninja-forms-noscript-message\">\n\tAviso: Se requiere JavaScript para este contenido.<\/noscript>\n<div id=\"nf-form-4-cont\" class=\"nf-form-cont\" aria-live=\"polite\" aria-labelledby=\"nf-form-title-4\" aria-describedby=\"nf-form-errors-4\" role=\"form\">\n\n    <div class=\"nf-loading-spinner\"><\/div>\n\n<\/div>\n        <!-- That data is being printed as a workaround to page builders reordering the order of the scripts loaded-->\n        <script>var formDisplay=1;var nfForms=nfForms||[];var form=[];form.id='4';form.settings={\"objectType\":\"Form Setting\",\"editActive\":true,\"title\":\"RESERVAS TIRAMISU\",\"show_title\":1,\"allow_public_link\":0,\"embed_form\":\"\",\"clear_complete\":0,\"hide_complete\":0,\"default_label_pos\":\"above\",\"wrapper_class\":\"\",\"element_class\":\"\",\"form_title_heading_level\":\"3\",\"key\":\"\",\"add_submit\":1,\"changeEmailErrorMsg\":\"Introduce una direcci\\u00f3n de correo electr\\u00f3nico v\\u00e1lida.\",\"changeDateErrorMsg\":\"\\u00a1Introduce una fecha v\\u00e1lida!\",\"confirmFieldErrorMsg\":\"Estos campos deben coincidir.\",\"fieldNumberNumMinError\":\"Error de n\\u00famero m\\u00ednimo\",\"fieldNumberNumMaxError\":\"Error de n\\u00famero m\\u00e1ximo\",\"fieldNumberIncrementBy\":\"Increm\\u00e9ntalo por \",\"formErrorsCorrectErrors\":\"Corrige los errores antes de enviar este formulario.\",\"validateRequiredField\":\"Esto es un campo obligatorio.\",\"honeypotHoneypotError\":\"Error de Honeypot\",\"fieldsMarkedRequired\":\"Los campos marcados con <span class=\\\"ninja-forms-req-symbol\\\">*<\\\/span> son obligatorios\",\"currency\":\"\",\"unique_field_error\":\"Ya se ha enviado un formulario con este valor.\",\"logged_in\":false,\"not_logged_in_msg\":\"\",\"sub_limit_msg\":\"Has alcanzado el l\\u00edmite de env\\u00edos en el formulario.\",\"calculations\":[],\"formContentData\":[\"ok_1748790694567\"],\"objectDomain\":\"display\",\"drawerDisabled\":false,\"ninjaForms\":\"Ninja Forms\",\"fieldTextareaRTEInsertLink\":\"Insertar enlace\",\"fieldTextareaRTEInsertMedia\":\"Insertar medios\",\"fieldTextareaRTESelectAFile\":\"Seleccione un archivo\",\"formHoneypot\":\"Si eres un ser humano y est\\u00e1s viendo este campo, por favor d\\u00e9jalo vac\\u00edo.\",\"fileUploadOldCodeFileUploadInProgress\":\"Subida de archivo en curso.\",\"fileUploadOldCodeFileUpload\":\"SUBIDA DE ARCHIVO\",\"currencySymbol\":\"&#36;\",\"thousands_sep\":\".\",\"decimal_point\":\",\",\"siteLocale\":\"es_ES\",\"dateFormat\":\"m\\\/d\\\/Y\",\"startOfWeek\":\"1\",\"of\":\"de\",\"previousMonth\":\"Mes anterior\",\"nextMonth\":\"Pr\\u00f3ximo mes\",\"months\":[\"Enero\",\"Febrero\",\"Marzo\",\"Abril\",\"Mayo\",\"Junio\",\"Julio\",\"Agosto\",\"Septiembre\",\"Octubre\",\"Noviembre\",\"Diciembre\"],\"monthsShort\":[\"Ene\",\"Feb\",\"Mar\",\"Abr\",\"Mayo\",\"Jun\",\"Jul\",\"Ago\",\"Sep\",\"Oct\",\"Nov\",\"Dic\"],\"weekdays\":[\"Domingo\",\"Lunes\",\"Martes\",\"Mi\\u00e9rcoles\",\"Jueves\",\"Viernes\",\"S\\u00e1bado\"],\"weekdaysShort\":[\"Dom\",\"Lun\",\"Mar\",\"Mi\\u00e9\",\"Jue\",\"Vie\",\"S\\u00e1b\"],\"weekdaysMin\":[\"Do\",\"Lu\",\"Ma\",\"Mi\",\"Ju\",\"Vi\",\"S\\u00e1\"],\"recaptchaConsentMissing\":\"reCaptcha validation couldn&#039;t load.\",\"recaptchaMissingCookie\":\"reCaptcha v3 validation couldn&#039;t load the cookie needed to submit the form.\",\"recaptchaConsentEvent\":\"Accept reCaptcha cookies before sending the form.\",\"currency_symbol\":\"\",\"beforeForm\":\"\",\"beforeFields\":\"\",\"afterFields\":\"\",\"afterForm\":\"\"};form.fields=[{\"objectType\":\"Field\",\"objectDomain\":\"fields\",\"editActive\":false,\"order\":1,\"idAttribute\":\"id\",\"type\":\"submit\",\"label\":\"ok\",\"processing_label\":\"Procesando\",\"container_class\":\"eliminar-elemento-display-none\",\"element_class\":\"\",\"key\":\"ok_1748790694567\",\"admin_label\":\"\",\"drawerDisabled\":false,\"id\":24,\"beforeField\":\"\",\"afterField\":\"\",\"value\":\"\",\"label_pos\":\"above\",\"parentType\":\"textbox\",\"element_templates\":[\"submit\",\"button\",\"input\"],\"old_classname\":\"\",\"wrap_template\":\"wrap-no-label\"}];nfForms.push(form);<\/script>\n        ","protected":false},"excerpt":{"rendered":"","protected":false},"author":1,"featured_media":0,"parent":0,"menu_order":0,"comment_status":"closed","ping_status":"closed","template":"page-redirect-reserva.php","meta":{"footnotes":""},"class_list":["post-130","page","type-page","status-publish","hentry"],"yoast_head":"<!-- This site is optimized with the Yoast SEO plugin v25.4 - https:\/\/yoast.com\/wordpress\/plugins\/seo\/ -->\n<title>RESERVA &#8226; Tiramis\u00fa Pizzer\u00eda &amp; Birreria &#8226; Santiago - CHILE<\/title>\n<meta name=\"description\" content=\"RESERVA Tiramis\u00fa Pizzer\u00eda &amp; Birreria\" \/>\n<meta name=\"robots\" content=\"index, follow, max-snippet:-1, max-image-preview:large, max-video-preview:-1\" \/>\n<link rel=\"canonical\" href=\"https:\/\/tiramisu.cl\/sitio\/reserva\/\" \/>\n<meta property=\"og:locale\" content=\"es_ES\" \/>\n<meta property=\"og:type\" content=\"article\" \/>\n<meta property=\"og:title\" content=\"RESERVA &#8226; Tiramis\u00fa Pizzer\u00eda &amp; Birreria &#8226; Santiago - CHILE\" \/>\n<meta property=\"og:description\" content=\"RESERVA Tiramis\u00fa Pizzer\u00eda &amp; Birreria\" \/>\n<meta property=\"og:url\" content=\"https:\/\/tiramisu.cl\/sitio\/reserva\/\" \/>\n<meta property=\"og:site_name\" content=\"Tiramis\u00fa Pizzer\u00eda &amp; Birreria\" \/>\n<meta property=\"article:modified_time\" content=\"2025-06-12T22:02:42+00:00\" \/>\n<meta property=\"og:image\" content=\"https:\/\/tiramisu.cl\/sitio\/wp-content\/uploads\/2023\/05\/logo-2023.png\" \/>\n\t<meta property=\"og:image:width\" content=\"446\" \/>\n\t<meta property=\"og:image:height\" content=\"210\" \/>\n\t<meta property=\"og:image:type\" content=\"image\/png\" \/>\n<meta name=\"twitter:card\" content=\"summary_large_image\" \/>\n<meta name=\"twitter:label1\" content=\"Tiempo de lectura\" \/>\n\t<meta name=\"twitter:data1\" content=\"1 minuto\" \/>\n<script type=\"application\/ld+json\" class=\"yoast-schema-graph\">{\"@context\":\"https:\/\/schema.org\",\"@graph\":[{\"@type\":\"WebPage\",\"@id\":\"https:\/\/tiramisu.cl\/sitio\/reserva\/\",\"url\":\"https:\/\/tiramisu.cl\/sitio\/reserva\/\",\"name\":\"RESERVA &#8226; Tiramis\u00fa Pizzer\u00eda &amp; Birreria &#8226; Santiago - CHILE\",\"isPartOf\":{\"@id\":\"https:\/\/tiramisu.cl\/sitio\/#website\"},\"datePublished\":\"2023-05-26T17:23:30+00:00\",\"dateModified\":\"2025-06-12T22:02:42+00:00\",\"description\":\"RESERVA Tiramis\u00fa Pizzer\u00eda &amp; Birreria\",\"breadcrumb\":{\"@id\":\"https:\/\/tiramisu.cl\/sitio\/reserva\/#breadcrumb\"},\"inLanguage\":\"es\",\"potentialAction\":[{\"@type\":\"ReadAction\",\"target\":[\"https:\/\/tiramisu.cl\/sitio\/reserva\/\"]}]},{\"@type\":\"BreadcrumbList\",\"@id\":\"https:\/\/tiramisu.cl\/sitio\/reserva\/#breadcrumb\",\"itemListElement\":[{\"@type\":\"ListItem\",\"position\":1,\"name\":\"Portada\",\"item\":\"https:\/\/tiramisu.cl\/sitio\/\"},{\"@type\":\"ListItem\",\"position\":2,\"name\":\"RESERVA\"}]},{\"@type\":\"WebSite\",\"@id\":\"https:\/\/tiramisu.cl\/sitio\/#website\",\"url\":\"https:\/\/tiramisu.cl\/sitio\/\",\"name\":\"Tiramis\u00fa pizzer\u00eda birreria\",\"description\":\"Santiago - CHILE\",\"publisher\":{\"@id\":\"https:\/\/tiramisu.cl\/sitio\/#organization\"},\"potentialAction\":[{\"@type\":\"SearchAction\",\"target\":{\"@type\":\"EntryPoint\",\"urlTemplate\":\"https:\/\/tiramisu.cl\/sitio\/?s={search_term_string}\"},\"query-input\":{\"@type\":\"PropertyValueSpecification\",\"valueRequired\":true,\"valueName\":\"search_term_string\"}}],\"inLanguage\":\"es\"},{\"@type\":\"Organization\",\"@id\":\"https:\/\/tiramisu.cl\/sitio\/#organization\",\"name\":\"Tiramis\u00fa pizzer\u00eda birreria\",\"url\":\"https:\/\/tiramisu.cl\/sitio\/\",\"logo\":{\"@type\":\"ImageObject\",\"inLanguage\":\"es\",\"@id\":\"https:\/\/tiramisu.cl\/sitio\/#\/schema\/logo\/image\/\",\"url\":\"https:\/\/tiramisu.cl\/sitio\/wp-content\/uploads\/2023\/05\/logo-2023.png\",\"contentUrl\":\"https:\/\/tiramisu.cl\/sitio\/wp-content\/uploads\/2023\/05\/logo-2023.png\",\"width\":446,\"height\":210,\"caption\":\"Tiramis\u00fa pizzer\u00eda birreria\"},\"image\":{\"@id\":\"https:\/\/tiramisu.cl\/sitio\/#\/schema\/logo\/image\/\"},\"sameAs\":[\"https:\/\/www.instagram.com\/pizzeria_tiramisu\/\"]}]}<\/script>\n<!-- \/ Yoast SEO plugin. -->","yoast_head_json":{"title":"RESERVA &#8226; Tiramis\u00fa Pizzer\u00eda &amp; Birreria &#8226; Santiago - CHILE","description":"RESERVA Tiramis\u00fa Pizzer\u00eda &amp; Birreria","robots":{"index":"index","follow":"follow","max-snippet":"max-snippet:-1","max-image-preview":"max-image-preview:large","max-video-preview":"max-video-preview:-1"},"canonical":"https:\/\/tiramisu.cl\/sitio\/reserva\/","og_locale":"es_ES","og_type":"article","og_title":"RESERVA &#8226; Tiramis\u00fa Pizzer\u00eda &amp; Birreria &#8226; Santiago - CHILE","og_description":"RESERVA Tiramis\u00fa Pizzer\u00eda &amp; Birreria","og_url":"https:\/\/tiramisu.cl\/sitio\/reserva\/","og_site_name":"Tiramis\u00fa Pizzer\u00eda &amp; Birreria","article_modified_time":"2025-06-12T22:02:42+00:00","og_image":[{"width":446,"height":210,"url":"https:\/\/tiramisu.cl\/sitio\/wp-content\/uploads\/2023\/05\/logo-2023.png","type":"image\/png"}],"twitter_card":"summary_large_image","twitter_misc":{"Tiempo de lectura":"1 minuto"},"schema":{"@context":"https:\/\/schema.org","@graph":[{"@type":"WebPage","@id":"https:\/\/tiramisu.cl\/sitio\/reserva\/","url":"https:\/\/tiramisu.cl\/sitio\/reserva\/","name":"RESERVA &#8226; Tiramis\u00fa Pizzer\u00eda &amp; Birreria &#8226; Santiago - CHILE","isPartOf":{"@id":"https:\/\/tiramisu.cl\/sitio\/#website"},"datePublished":"2023-05-26T17:23:30+00:00","dateModified":"2025-06-12T22:02:42+00:00","description":"RESERVA Tiramis\u00fa Pizzer\u00eda &amp; Birreria","breadcrumb":{"@id":"https:\/\/tiramisu.cl\/sitio\/reserva\/#breadcrumb"},"inLanguage":"es","potentialAction":[{"@type":"ReadAction","target":["https:\/\/tiramisu.cl\/sitio\/reserva\/"]}]},{"@type":"BreadcrumbList","@id":"https:\/\/tiramisu.cl\/sitio\/reserva\/#breadcrumb","itemListElement":[{"@type":"ListItem","position":1,"name":"Portada","item":"https:\/\/tiramisu.cl\/sitio\/"},{"@type":"ListItem","position":2,"name":"RESERVA"}]},{"@type":"WebSite","@id":"https:\/\/tiramisu.cl\/sitio\/#website","url":"https:\/\/tiramisu.cl\/sitio\/","name":"Tiramis\u00fa pizzer\u00eda birreria","description":"Santiago - CHILE","publisher":{"@id":"https:\/\/tiramisu.cl\/sitio\/#organization"},"potentialAction":[{"@type":"SearchAction","target":{"@type":"EntryPoint","urlTemplate":"https:\/\/tiramisu.cl\/sitio\/?s={search_term_string}"},"query-input":{"@type":"PropertyValueSpecification","valueRequired":true,"valueName":"search_term_string"}}],"inLanguage":"es"},{"@type":"Organization","@id":"https:\/\/tiramisu.cl\/sitio\/#organization","name":"Tiramis\u00fa pizzer\u00eda birreria","url":"https:\/\/tiramisu.cl\/sitio\/","logo":{"@type":"ImageObject","inLanguage":"es","@id":"https:\/\/tiramisu.cl\/sitio\/#\/schema\/logo\/image\/","url":"https:\/\/tiramisu.cl\/sitio\/wp-content\/uploads\/2023\/05\/logo-2023.png","contentUrl":"https:\/\/tiramisu.cl\/sitio\/wp-content\/uploads\/2023\/05\/logo-2023.png","width":446,"height":210,"caption":"Tiramis\u00fa pizzer\u00eda birreria"},"image":{"@id":"https:\/\/tiramisu.cl\/sitio\/#\/schema\/logo\/image\/"},"sameAs":["https:\/\/www.instagram.com\/pizzeria_tiramisu\/"]}]}},"_links":{"self":[{"href":"https:\/\/tiramisu.cl\/sitio\/wp-json\/wp\/v2\/pages\/130","targetHints":{"allow":["GET"]}}],"collection":[{"href":"https:\/\/tiramisu.cl\/sitio\/wp-json\/wp\/v2\/pages"}],"about":[{"href":"https:\/\/tiramisu.cl\/sitio\/wp-json\/wp\/v2\/types\/page"}],"author":[{"embeddable":true,"href":"https:\/\/tiramisu.cl\/sitio\/wp-json\/wp\/v2\/users\/1"}],"replies":[{"embeddable":true,"href":"https:\/\/tiramisu.cl\/sitio\/wp-json\/wp\/v2\/comments?post=130"}],"version-history":[{"count":1,"href":"https:\/\/tiramisu.cl\/sitio\/wp-json\/wp\/v2\/pages\/130\/revisions"}],"predecessor-version":[{"id":1033,"href":"https:\/\/tiramisu.cl\/sitio\/wp-json\/wp\/v2\/pages\/130\/revisions\/1033"}],"wp:attachment":[{"href":"https:\/\/tiramisu.cl\/sitio\/wp-json\/wp\/v2\/media?parent=130"}],"curies":[{"name":"wp","href":"https:\/\/api.w.org\/{rel}","templated":true}]}}