{"id":133,"date":"2023-05-26T18:18:24","date_gmt":"2023-05-26T18:18:24","guid":{"rendered":"http:\/\/tiramisu.test\/?page_id=133"},"modified":"2025-05-26T15:26:42","modified_gmt":"2025-05-26T15:26:42","slug":"productos","status":"publish","type":"page","link":"https:\/\/tiramisu.cl\/sitio\/productos\/","title":{"rendered":"PRODUCTOS"},"content":{"rendered":"<div id=\"pagina\" class=\"productos\">\r\n<div class=\"birreria animated delay-1s slideInUp \">\r\n<div class=\"micentro\"><img decoding=\"async\" src=\"http:\/\/tiramisu.cl\/sitio\/wp-content\/uploads\/2023\/05\/producto_01.png\" alt=\"Birreria\" \/>\r\n<a class=\"openpdf\" href=\"cartas\/birreria.pdf\" target=\"_blank\" rel=\"noopener\"> ver <\/a><\/div>\r\n<\/div>\r\n<div class=\"pizzeria animated delay-1s slideInDown\">\r\n<div class=\"micentro\"><img decoding=\"async\" src=\"http:\/\/tiramisu.cl\/sitio\/wp-content\/uploads\/2023\/05\/producto_02.png\" alt=\"PIZZERIA\" \/>\r\n<a class=\"openpdf\" href=\"cartas\/pizzeria.pdf\" target=\"_blank\" rel=\"noopener\"> ver <\/a><\/div>\r\n<\/div>\r\n<div class=\"gelateria animated delay-1s slideInUp \">\r\n<div class=\"micentro\"><img decoding=\"async\" src=\"http:\/\/tiramisu.cl\/sitio\/wp-content\/uploads\/2023\/05\/producto_03.png\" alt=\"GELATERIA\" \/>\r\n<a class=\"openpdf\" href=\"cartas\/gelateria.pdf\" target=\"_blank\" rel=\"noopener\"> ver <\/a><\/div>\r\n<\/div>\r\n<\/div>","protected":false},"excerpt":{"rendered":"ver ver ver","protected":false},"author":1,"featured_media":0,"parent":0,"menu_order":0,"comment_status":"closed","ping_status":"closed","template":"page-tiramisu.php","meta":{"footnotes":""},"class_list":["post-133","page","type-page","status-publish","hentry"],"yoast_head":"<!-- This site is optimized with the Yoast SEO plugin v25.4 - https:\/\/yoast.com\/wordpress\/plugins\/seo\/ -->\n<title>PRODUCTOS &#8226; Tiramis\u00fa Pizzer\u00eda &amp; Birreria &#8226; Santiago - CHILE<\/title>\n<meta name=\"description\" content=\"PRODUCTOS Tiramis\u00fa Pizzer\u00eda &amp; Birreria\" \/>\n<meta name=\"robots\" content=\"index, follow, max-snippet:-1, max-image-preview:large, max-video-preview:-1\" \/>\n<link rel=\"canonical\" href=\"https:\/\/tiramisu.cl\/sitio\/productos\/\" \/>\n<meta property=\"og:locale\" content=\"es_ES\" \/>\n<meta property=\"og:type\" content=\"article\" \/>\n<meta property=\"og:title\" content=\"PRODUCTOS &#8226; Tiramis\u00fa Pizzer\u00eda &amp; Birreria &#8226; Santiago - CHILE\" \/>\n<meta property=\"og:description\" content=\"PRODUCTOS Tiramis\u00fa Pizzer\u00eda &amp; Birreria\" \/>\n<meta property=\"og:url\" content=\"https:\/\/tiramisu.cl\/sitio\/productos\/\" \/>\n<meta property=\"og:site_name\" content=\"Tiramis\u00fa Pizzer\u00eda &amp; Birreria\" \/>\n<meta property=\"article:modified_time\" content=\"2025-05-26T15:26:42+00:00\" \/>\n<meta property=\"og:image\" content=\"http:\/\/tiramisu.cl\/sitio\/wp-content\/uploads\/2023\/05\/producto_01.png\" \/>\n<meta name=\"twitter:card\" content=\"summary_large_image\" \/>\n<script type=\"application\/ld+json\" class=\"yoast-schema-graph\">{\"@context\":\"https:\/\/schema.org\",\"@graph\":[{\"@type\":\"WebPage\",\"@id\":\"https:\/\/tiramisu.cl\/sitio\/productos\/\",\"url\":\"https:\/\/tiramisu.cl\/sitio\/productos\/\",\"name\":\"PRODUCTOS &#8226; Tiramis\u00fa Pizzer\u00eda &amp; Birreria &#8226; Santiago - CHILE\",\"isPartOf\":{\"@id\":\"https:\/\/tiramisu.cl\/sitio\/#website\"},\"primaryImageOfPage\":{\"@id\":\"https:\/\/tiramisu.cl\/sitio\/productos\/#primaryimage\"},\"image\":{\"@id\":\"https:\/\/tiramisu.cl\/sitio\/productos\/#primaryimage\"},\"thumbnailUrl\":\"http:\/\/tiramisu.cl\/sitio\/wp-content\/uploads\/2023\/05\/producto_01.png\",\"datePublished\":\"2023-05-26T18:18:24+00:00\",\"dateModified\":\"2025-05-26T15:26:42+00:00\",\"description\":\"PRODUCTOS Tiramis\u00fa Pizzer\u00eda &amp; Birreria\",\"breadcrumb\":{\"@id\":\"https:\/\/tiramisu.cl\/sitio\/productos\/#breadcrumb\"},\"inLanguage\":\"es\",\"potentialAction\":[{\"@type\":\"ReadAction\",\"target\":[\"https:\/\/tiramisu.cl\/sitio\/productos\/\"]}]},{\"@type\":\"ImageObject\",\"inLanguage\":\"es\",\"@id\":\"https:\/\/tiramisu.cl\/sitio\/productos\/#primaryimage\",\"url\":\"http:\/\/tiramisu.cl\/sitio\/wp-content\/uploads\/2023\/05\/producto_01.png\",\"contentUrl\":\"http:\/\/tiramisu.cl\/sitio\/wp-content\/uploads\/2023\/05\/producto_01.png\"},{\"@type\":\"BreadcrumbList\",\"@id\":\"https:\/\/tiramisu.cl\/sitio\/productos\/#breadcrumb\",\"itemListElement\":[{\"@type\":\"ListItem\",\"position\":1,\"name\":\"Portada\",\"item\":\"https:\/\/tiramisu.cl\/sitio\/\"},{\"@type\":\"ListItem\",\"position\":2,\"name\":\"PRODUCTOS\"}]},{\"@type\":\"WebSite\",\"@id\":\"https:\/\/tiramisu.cl\/sitio\/#website\",\"url\":\"https:\/\/tiramisu.cl\/sitio\/\",\"name\":\"Tiramis\u00fa pizzer\u00eda birreria\",\"description\":\"Santiago - CHILE\",\"publisher\":{\"@id\":\"https:\/\/tiramisu.cl\/sitio\/#organization\"},\"potentialAction\":[{\"@type\":\"SearchAction\",\"target\":{\"@type\":\"EntryPoint\",\"urlTemplate\":\"https:\/\/tiramisu.cl\/sitio\/?s={search_term_string}\"},\"query-input\":{\"@type\":\"PropertyValueSpecification\",\"valueRequired\":true,\"valueName\":\"search_term_string\"}}],\"inLanguage\":\"es\"},{\"@type\":\"Organization\",\"@id\":\"https:\/\/tiramisu.cl\/sitio\/#organization\",\"name\":\"Tiramis\u00fa pizzer\u00eda birreria\",\"url\":\"https:\/\/tiramisu.cl\/sitio\/\",\"logo\":{\"@type\":\"ImageObject\",\"inLanguage\":\"es\",\"@id\":\"https:\/\/tiramisu.cl\/sitio\/#\/schema\/logo\/image\/\",\"url\":\"https:\/\/tiramisu.cl\/sitio\/wp-content\/uploads\/2023\/05\/logo-2023.png\",\"contentUrl\":\"https:\/\/tiramisu.cl\/sitio\/wp-content\/uploads\/2023\/05\/logo-2023.png\",\"width\":446,\"height\":210,\"caption\":\"Tiramis\u00fa pizzer\u00eda birreria\"},\"image\":{\"@id\":\"https:\/\/tiramisu.cl\/sitio\/#\/schema\/logo\/image\/\"},\"sameAs\":[\"https:\/\/www.instagram.com\/pizzeria_tiramisu\/\"]}]}<\/script>\n<!-- \/ Yoast SEO plugin. -->","yoast_head_json":{"title":"PRODUCTOS &#8226; Tiramis\u00fa Pizzer\u00eda &amp; Birreria &#8226; Santiago - CHILE","description":"PRODUCTOS Tiramis\u00fa Pizzer\u00eda &amp; Birreria","robots":{"index":"index","follow":"follow","max-snippet":"max-snippet:-1","max-image-preview":"max-image-preview:large","max-video-preview":"max-video-preview:-1"},"canonical":"https:\/\/tiramisu.cl\/sitio\/productos\/","og_locale":"es_ES","og_type":"article","og_title":"PRODUCTOS &#8226; Tiramis\u00fa Pizzer\u00eda &amp; Birreria &#8226; Santiago - CHILE","og_description":"PRODUCTOS Tiramis\u00fa Pizzer\u00eda &amp; Birreria","og_url":"https:\/\/tiramisu.cl\/sitio\/productos\/","og_site_name":"Tiramis\u00fa Pizzer\u00eda &amp; Birreria","article_modified_time":"2025-05-26T15:26:42+00:00","og_image":[{"url":"http:\/\/tiramisu.cl\/sitio\/wp-content\/uploads\/2023\/05\/producto_01.png","type":"","width":"","height":""}],"twitter_card":"summary_large_image","schema":{"@context":"https:\/\/schema.org","@graph":[{"@type":"WebPage","@id":"https:\/\/tiramisu.cl\/sitio\/productos\/","url":"https:\/\/tiramisu.cl\/sitio\/productos\/","name":"PRODUCTOS &#8226; Tiramis\u00fa Pizzer\u00eda &amp; Birreria &#8226; Santiago - CHILE","isPartOf":{"@id":"https:\/\/tiramisu.cl\/sitio\/#website"},"primaryImageOfPage":{"@id":"https:\/\/tiramisu.cl\/sitio\/productos\/#primaryimage"},"image":{"@id":"https:\/\/tiramisu.cl\/sitio\/productos\/#primaryimage"},"thumbnailUrl":"http:\/\/tiramisu.cl\/sitio\/wp-content\/uploads\/2023\/05\/producto_01.png","datePublished":"2023-05-26T18:18:24+00:00","dateModified":"2025-05-26T15:26:42+00:00","description":"PRODUCTOS Tiramis\u00fa Pizzer\u00eda &amp; Birreria","breadcrumb":{"@id":"https:\/\/tiramisu.cl\/sitio\/productos\/#breadcrumb"},"inLanguage":"es","potentialAction":[{"@type":"ReadAction","target":["https:\/\/tiramisu.cl\/sitio\/productos\/"]}]},{"@type":"ImageObject","inLanguage":"es","@id":"https:\/\/tiramisu.cl\/sitio\/productos\/#primaryimage","url":"http:\/\/tiramisu.cl\/sitio\/wp-content\/uploads\/2023\/05\/producto_01.png","contentUrl":"http:\/\/tiramisu.cl\/sitio\/wp-content\/uploads\/2023\/05\/producto_01.png"},{"@type":"BreadcrumbList","@id":"https:\/\/tiramisu.cl\/sitio\/productos\/#breadcrumb","itemListElement":[{"@type":"ListItem","position":1,"name":"Portada","item":"https:\/\/tiramisu.cl\/sitio\/"},{"@type":"ListItem","position":2,"name":"PRODUCTOS"}]},{"@type":"WebSite","@id":"https:\/\/tiramisu.cl\/sitio\/#website","url":"https:\/\/tiramisu.cl\/sitio\/","name":"Tiramis\u00fa pizzer\u00eda birreria","description":"Santiago - CHILE","publisher":{"@id":"https:\/\/tiramisu.cl\/sitio\/#organization"},"potentialAction":[{"@type":"SearchAction","target":{"@type":"EntryPoint","urlTemplate":"https:\/\/tiramisu.cl\/sitio\/?s={search_term_string}"},"query-input":{"@type":"PropertyValueSpecification","valueRequired":true,"valueName":"search_term_string"}}],"inLanguage":"es"},{"@type":"Organization","@id":"https:\/\/tiramisu.cl\/sitio\/#organization","name":"Tiramis\u00fa pizzer\u00eda birreria","url":"https:\/\/tiramisu.cl\/sitio\/","logo":{"@type":"ImageObject","inLanguage":"es","@id":"https:\/\/tiramisu.cl\/sitio\/#\/schema\/logo\/image\/","url":"https:\/\/tiramisu.cl\/sitio\/wp-content\/uploads\/2023\/05\/logo-2023.png","contentUrl":"https:\/\/tiramisu.cl\/sitio\/wp-content\/uploads\/2023\/05\/logo-2023.png","width":446,"height":210,"caption":"Tiramis\u00fa pizzer\u00eda birreria"},"image":{"@id":"https:\/\/tiramisu.cl\/sitio\/#\/schema\/logo\/image\/"},"sameAs":["https:\/\/www.instagram.com\/pizzeria_tiramisu\/"]}]}},"_links":{"self":[{"href":"https:\/\/tiramisu.cl\/sitio\/wp-json\/wp\/v2\/pages\/133","targetHints":{"allow":["GET"]}}],"collection":[{"href":"https:\/\/tiramisu.cl\/sitio\/wp-json\/wp\/v2\/pages"}],"about":[{"href":"https:\/\/tiramisu.cl\/sitio\/wp-json\/wp\/v2\/types\/page"}],"author":[{"embeddable":true,"href":"https:\/\/tiramisu.cl\/sitio\/wp-json\/wp\/v2\/users\/1"}],"replies":[{"embeddable":true,"href":"https:\/\/tiramisu.cl\/sitio\/wp-json\/wp\/v2\/comments?post=133"}],"version-history":[{"count":1,"href":"https:\/\/tiramisu.cl\/sitio\/wp-json\/wp\/v2\/pages\/133\/revisions"}],"predecessor-version":[{"id":1007,"href":"https:\/\/tiramisu.cl\/sitio\/wp-json\/wp\/v2\/pages\/133\/revisions\/1007"}],"wp:attachment":[{"href":"https:\/\/tiramisu.cl\/sitio\/wp-json\/wp\/v2\/media?parent=133"}],"curies":[{"name":"wp","href":"https:\/\/api.w.org\/{rel}","templated":true}]}}