{"id":147,"date":"2023-05-26T20:26:29","date_gmt":"2023-05-26T20:26:29","guid":{"rendered":"http:\/\/tiramisu.test\/?page_id=147"},"modified":"2023-06-08T13:30:25","modified_gmt":"2023-06-08T13:30:25","slug":"sabores","status":"publish","type":"page","link":"https:\/\/tiramisu.cl\/sitio\/sabores\/","title":{"rendered":"SABORES"},"content":{"rendered":"<script type=\"text\/javascript\">\r\n\tjQuery( document ).ready(function( $ ) {\r\n\t\t$( '#my-slider' ).sliderPro({\r\n             width: '100',\r\n            height: '100vh',\r\n            arrows: true,\r\n            buttons: false,\r\n            waitForLayers: true,\r\n            fade: true,\r\n            fadeArrows: false,\r\n            breakpoints: {\r\n                620: {\r\n                    autoHeight: true,\r\n                },\r\n                1024: {\r\n                    autoHeight: true,\r\n                },\r\n            }\r\n        });\r\n });\r\n<\/script>\r\n <div class=\"slider-pro\" id=\"my-slider\"> <div class=\"sp-slides\"> \r\n <div class=\"sp-slide sabores\">\r\n\t <img decoding=\"async\" src=\"https:\/\/tiramisu.cl\/sitio\/wp-content\/uploads\/2023\/05\/sabores_01.jpg\" class=\" hidden sm:block \">\r\n\t <img decoding=\"async\" src=\"https:\/\/tiramisu.cl\/sitio\/wp-content\/uploads\/2023\/05\/sabores_01-1.jpg\" class=\"block sm:hidden \">\r\n <\/div>\r\n\r\n <div class=\"sp-slide sabores\">\r\n\t <img decoding=\"async\" src=\"https:\/\/tiramisu.cl\/sitio\/wp-content\/uploads\/2023\/05\/sabores_02.jpg\" class=\" hidden sm:block \">\r\n\t <img decoding=\"async\" src=\"https:\/\/tiramisu.cl\/sitio\/wp-content\/uploads\/2023\/05\/sabores_02-1.jpg\" class=\"block sm:hidden \">\r\n <\/div>\r\n\r\n <div class=\"sp-slide sabores\">\r\n\t <img decoding=\"async\" src=\"https:\/\/tiramisu.cl\/sitio\/wp-content\/uploads\/2023\/05\/sabores_03-1.jpg\" class=\" hidden sm:block \">\r\n\t <img decoding=\"async\" src=\"https:\/\/tiramisu.cl\/sitio\/wp-content\/uploads\/2023\/05\/sabores_03.jpg\" class=\"block sm:hidden \">\r\n <\/div>\r\n<\/div><\/div>","protected":false},"excerpt":{"rendered":"","protected":false},"author":1,"featured_media":0,"parent":0,"menu_order":0,"comment_status":"closed","ping_status":"closed","template":"page-tiramisu.php","meta":{"footnotes":""},"class_list":["post-147","page","type-page","status-publish","hentry"],"yoast_head":"<!-- This site is optimized with the Yoast SEO plugin v25.4 - https:\/\/yoast.com\/wordpress\/plugins\/seo\/ -->\n<title>SABORES &#8226; Tiramis\u00fa Pizzer\u00eda &amp; Birreria &#8226; Santiago - CHILE<\/title>\n<meta name=\"description\" content=\"SABORES Tiramis\u00fa Pizzer\u00eda &amp; Birreria\" \/>\n<meta name=\"robots\" content=\"index, follow, max-snippet:-1, max-image-preview:large, max-video-preview:-1\" \/>\n<link rel=\"canonical\" href=\"https:\/\/tiramisu.cl\/sitio\/sabores\/\" \/>\n<meta property=\"og:locale\" content=\"es_ES\" \/>\n<meta property=\"og:type\" content=\"article\" \/>\n<meta property=\"og:title\" content=\"SABORES &#8226; Tiramis\u00fa Pizzer\u00eda &amp; Birreria &#8226; Santiago - CHILE\" \/>\n<meta property=\"og:description\" content=\"SABORES Tiramis\u00fa Pizzer\u00eda &amp; Birreria\" \/>\n<meta property=\"og:url\" content=\"https:\/\/tiramisu.cl\/sitio\/sabores\/\" \/>\n<meta property=\"og:site_name\" content=\"Tiramis\u00fa Pizzer\u00eda &amp; Birreria\" \/>\n<meta property=\"article:modified_time\" content=\"2023-06-08T13:30:25+00:00\" \/>\n<meta property=\"og:image\" content=\"https:\/\/tiramisu.cl\/sitio\/wp-content\/uploads\/2023\/05\/logo-2023.png\" \/>\n\t<meta property=\"og:image:width\" content=\"446\" \/>\n\t<meta property=\"og:image:height\" content=\"210\" \/>\n\t<meta property=\"og:image:type\" content=\"image\/png\" \/>\n<meta name=\"twitter:card\" content=\"summary_large_image\" \/>\n<script type=\"application\/ld+json\" class=\"yoast-schema-graph\">{\"@context\":\"https:\/\/schema.org\",\"@graph\":[{\"@type\":\"WebPage\",\"@id\":\"https:\/\/tiramisu.cl\/sitio\/sabores\/\",\"url\":\"https:\/\/tiramisu.cl\/sitio\/sabores\/\",\"name\":\"SABORES &#8226; Tiramis\u00fa Pizzer\u00eda &amp; Birreria &#8226; Santiago - CHILE\",\"isPartOf\":{\"@id\":\"https:\/\/tiramisu.cl\/sitio\/#website\"},\"datePublished\":\"2023-05-26T20:26:29+00:00\",\"dateModified\":\"2023-06-08T13:30:25+00:00\",\"description\":\"SABORES Tiramis\u00fa Pizzer\u00eda &amp; Birreria\",\"breadcrumb\":{\"@id\":\"https:\/\/tiramisu.cl\/sitio\/sabores\/#breadcrumb\"},\"inLanguage\":\"es\",\"potentialAction\":[{\"@type\":\"ReadAction\",\"target\":[\"https:\/\/tiramisu.cl\/sitio\/sabores\/\"]}]},{\"@type\":\"BreadcrumbList\",\"@id\":\"https:\/\/tiramisu.cl\/sitio\/sabores\/#breadcrumb\",\"itemListElement\":[{\"@type\":\"ListItem\",\"position\":1,\"name\":\"Portada\",\"item\":\"https:\/\/tiramisu.cl\/sitio\/\"},{\"@type\":\"ListItem\",\"position\":2,\"name\":\"SABORES\"}]},{\"@type\":\"WebSite\",\"@id\":\"https:\/\/tiramisu.cl\/sitio\/#website\",\"url\":\"https:\/\/tiramisu.cl\/sitio\/\",\"name\":\"Tiramis\u00fa pizzer\u00eda birreria\",\"description\":\"Santiago - CHILE\",\"publisher\":{\"@id\":\"https:\/\/tiramisu.cl\/sitio\/#organization\"},\"potentialAction\":[{\"@type\":\"SearchAction\",\"target\":{\"@type\":\"EntryPoint\",\"urlTemplate\":\"https:\/\/tiramisu.cl\/sitio\/?s={search_term_string}\"},\"query-input\":{\"@type\":\"PropertyValueSpecification\",\"valueRequired\":true,\"valueName\":\"search_term_string\"}}],\"inLanguage\":\"es\"},{\"@type\":\"Organization\",\"@id\":\"https:\/\/tiramisu.cl\/sitio\/#organization\",\"name\":\"Tiramis\u00fa pizzer\u00eda birreria\",\"url\":\"https:\/\/tiramisu.cl\/sitio\/\",\"logo\":{\"@type\":\"ImageObject\",\"inLanguage\":\"es\",\"@id\":\"https:\/\/tiramisu.cl\/sitio\/#\/schema\/logo\/image\/\",\"url\":\"https:\/\/tiramisu.cl\/sitio\/wp-content\/uploads\/2023\/05\/logo-2023.png\",\"contentUrl\":\"https:\/\/tiramisu.cl\/sitio\/wp-content\/uploads\/2023\/05\/logo-2023.png\",\"width\":446,\"height\":210,\"caption\":\"Tiramis\u00fa pizzer\u00eda birreria\"},\"image\":{\"@id\":\"https:\/\/tiramisu.cl\/sitio\/#\/schema\/logo\/image\/\"},\"sameAs\":[\"https:\/\/www.instagram.com\/pizzeria_tiramisu\/\"]}]}<\/script>\n<!-- \/ Yoast SEO plugin. -->","yoast_head_json":{"title":"SABORES &#8226; Tiramis\u00fa Pizzer\u00eda &amp; Birreria &#8226; Santiago - CHILE","description":"SABORES Tiramis\u00fa Pizzer\u00eda &amp; Birreria","robots":{"index":"index","follow":"follow","max-snippet":"max-snippet:-1","max-image-preview":"max-image-preview:large","max-video-preview":"max-video-preview:-1"},"canonical":"https:\/\/tiramisu.cl\/sitio\/sabores\/","og_locale":"es_ES","og_type":"article","og_title":"SABORES &#8226; Tiramis\u00fa Pizzer\u00eda &amp; Birreria &#8226; Santiago - CHILE","og_description":"SABORES Tiramis\u00fa Pizzer\u00eda &amp; Birreria","og_url":"https:\/\/tiramisu.cl\/sitio\/sabores\/","og_site_name":"Tiramis\u00fa Pizzer\u00eda &amp; Birreria","article_modified_time":"2023-06-08T13:30:25+00:00","og_image":[{"width":446,"height":210,"url":"https:\/\/tiramisu.cl\/sitio\/wp-content\/uploads\/2023\/05\/logo-2023.png","type":"image\/png"}],"twitter_card":"summary_large_image","schema":{"@context":"https:\/\/schema.org","@graph":[{"@type":"WebPage","@id":"https:\/\/tiramisu.cl\/sitio\/sabores\/","url":"https:\/\/tiramisu.cl\/sitio\/sabores\/","name":"SABORES &#8226; Tiramis\u00fa Pizzer\u00eda &amp; Birreria &#8226; Santiago - CHILE","isPartOf":{"@id":"https:\/\/tiramisu.cl\/sitio\/#website"},"datePublished":"2023-05-26T20:26:29+00:00","dateModified":"2023-06-08T13:30:25+00:00","description":"SABORES Tiramis\u00fa Pizzer\u00eda &amp; Birreria","breadcrumb":{"@id":"https:\/\/tiramisu.cl\/sitio\/sabores\/#breadcrumb"},"inLanguage":"es","potentialAction":[{"@type":"ReadAction","target":["https:\/\/tiramisu.cl\/sitio\/sabores\/"]}]},{"@type":"BreadcrumbList","@id":"https:\/\/tiramisu.cl\/sitio\/sabores\/#breadcrumb","itemListElement":[{"@type":"ListItem","position":1,"name":"Portada","item":"https:\/\/tiramisu.cl\/sitio\/"},{"@type":"ListItem","position":2,"name":"SABORES"}]},{"@type":"WebSite","@id":"https:\/\/tiramisu.cl\/sitio\/#website","url":"https:\/\/tiramisu.cl\/sitio\/","name":"Tiramis\u00fa pizzer\u00eda birreria","description":"Santiago - CHILE","publisher":{"@id":"https:\/\/tiramisu.cl\/sitio\/#organization"},"potentialAction":[{"@type":"SearchAction","target":{"@type":"EntryPoint","urlTemplate":"https:\/\/tiramisu.cl\/sitio\/?s={search_term_string}"},"query-input":{"@type":"PropertyValueSpecification","valueRequired":true,"valueName":"search_term_string"}}],"inLanguage":"es"},{"@type":"Organization","@id":"https:\/\/tiramisu.cl\/sitio\/#organization","name":"Tiramis\u00fa pizzer\u00eda birreria","url":"https:\/\/tiramisu.cl\/sitio\/","logo":{"@type":"ImageObject","inLanguage":"es","@id":"https:\/\/tiramisu.cl\/sitio\/#\/schema\/logo\/image\/","url":"https:\/\/tiramisu.cl\/sitio\/wp-content\/uploads\/2023\/05\/logo-2023.png","contentUrl":"https:\/\/tiramisu.cl\/sitio\/wp-content\/uploads\/2023\/05\/logo-2023.png","width":446,"height":210,"caption":"Tiramis\u00fa pizzer\u00eda birreria"},"image":{"@id":"https:\/\/tiramisu.cl\/sitio\/#\/schema\/logo\/image\/"},"sameAs":["https:\/\/www.instagram.com\/pizzeria_tiramisu\/"]}]}},"_links":{"self":[{"href":"https:\/\/tiramisu.cl\/sitio\/wp-json\/wp\/v2\/pages\/147","targetHints":{"allow":["GET"]}}],"collection":[{"href":"https:\/\/tiramisu.cl\/sitio\/wp-json\/wp\/v2\/pages"}],"about":[{"href":"https:\/\/tiramisu.cl\/sitio\/wp-json\/wp\/v2\/types\/page"}],"author":[{"embeddable":true,"href":"https:\/\/tiramisu.cl\/sitio\/wp-json\/wp\/v2\/users\/1"}],"replies":[{"embeddable":true,"href":"https:\/\/tiramisu.cl\/sitio\/wp-json\/wp\/v2\/comments?post=147"}],"version-history":[{"count":0,"href":"https:\/\/tiramisu.cl\/sitio\/wp-json\/wp\/v2\/pages\/147\/revisions"}],"wp:attachment":[{"href":"https:\/\/tiramisu.cl\/sitio\/wp-json\/wp\/v2\/media?parent=147"}],"curies":[{"name":"wp","href":"https:\/\/api.w.org\/{rel}","templated":true}]}}