{"id":151,"date":"2023-05-26T20:28:45","date_gmt":"2023-05-26T20:28:45","guid":{"rendered":"http:\/\/tiramisu.test\/?page_id=151"},"modified":"2023-06-05T21:26:28","modified_gmt":"2023-06-05T21:26:28","slug":"ubicacion","status":"publish","type":"page","link":"https:\/\/tiramisu.cl\/sitio\/ubicacion\/","title":{"rendered":"UBICACION"},"content":{"rendered":"<script type=\"text\/javascript\">\r\n\tjQuery( document ).ready(function( $ ) {\r\n \r\n    $(\".AbrirMapa\").click(function (event) {\r\n            event.preventDefault();\r\n            $(\"#VentanaMapa\").fadeToggle().addClass('animated slideInDown');\r\n        });\r\n        $(\".CerrarMapa\").click(function (event) {\r\n            event.preventDefault();\r\n            $(\"#VentanaMapa\").fadeOut();\r\n        });\r\n\r\n});\r\n<\/script>\r\n\r\n<a class=\"AbrirMapa\" href=\"#VerMapa\"> VER <\/a>\r\n\r\n<!--  VENTANA -->\r\n\r\n<div id=\"VentanaMapa\" class=\"animated slideInDown\" style=\"display: none;\"> \r\n    <a class=\"CerrarMapa\" href=\"#CerrarMapa\">Volver<\/a>\r\n        <div class=\"ubicame\">\r\n                <div class=\"titulo\">\r\n                    <img decoding=\"async\" src=\"http:\/\/tiramisu.cl\/sitio\/wp-content\/uploads\/2023\/06\/ubicacion_titulo.png\" alt=\"mapa\">\r\n                <\/div>\r\n                <div class=\"contenido\"> \r\n                    \r\n                <div class=\"direccion\">\r\n                    <img decoding=\"async\" class=\"fecha\" src=\"http:\/\/tiramisu.cl\/sitio\/wp-content\/uploads\/2023\/06\/ubicacion_fecha.png\" alt=\"fecha tiramisu\">\r\n                    <div class=\"titulo\">MAS INFO<\/div>\r\n                    <div class=\"texto\"> PARA OBTENER MAS DETALLES DE RESERVAS <br>Y PEDIDOS CONTACTANOS A NUESTRO TELEFONO <\/div>\r\n                    \r\n                    <div class=\"telefono\">(56) 22519 4900 <\/div>\r\n                    <!-- div class=\"email\"> CONTACTO@TIRAMISU.CL<\/div -->\r\n                    <div class=\"ubica\"> Isidora Goyenechea 3141 Las Condes- Chile <\/div>\r\n\r\n    <div class=\"social\">\r\n    <a target=\"_blank\" href=\"https:\/\/www.tripadvisor.cl\/Restaurant_Review-g294305-d798593-Reviews-Pizzeria_Tiramisu-Santiago_Santiago_Metropolitan_Region.html\" rel=\"noopener\"> <img decoding=\"async\" src=\"http:\/\/tiramisu.cl\/sitio\/wp-content\/uploads\/2023\/06\/social_1.png\" alt=\"social 1\"><\/a> \r\n    <a target=\"_blank\" href=\"https:\/\/www.instagram.com\/pizzeria_tiramisu\/\" rel=\"noopener\"> <img decoding=\"async\" src=\"http:\/\/tiramisu.cl\/sitio\/wp-content\/uploads\/2023\/06\/social_2.png\" alt=\"social instagran\"> <\/a>\r\n    <\/div>\r\n\r\n                <\/div>\r\n\r\n                <\/div>\r\n                \r\n                <div class=\"mapa\"> \r\n                    <a href=\"https:\/\/goo.gl\/maps\/MFGKvodyhtt\" target=\"_blank\" rel=\"noopener\">\r\n                    <img decoding=\"async\" src=\"http:\/\/tiramisu.cl\/sitio\/wp-content\/uploads\/2023\/06\/vacio.png\" alt=\"mapa tiramisu\">\r\n                <\/a>\r\n                <\/div>\r\n\r\n        \r\n        <\/div>\r\n\r\n    <\/div>\r\n\r\n\r\n\r\n","protected":false},"excerpt":{"rendered":"VER Volver MAS INFO PARA OBTENER MAS DETALLES DE RESERVAS Y PEDIDOS CONTACTANOS A NUESTRO TELEFONO (56) 22519 4900 Isidora Goyenechea 3141 Las Condes- Chile","protected":false},"author":1,"featured_media":0,"parent":0,"menu_order":0,"comment_status":"closed","ping_status":"closed","template":"page-tiramisu.php","meta":{"footnotes":""},"class_list":["post-151","page","type-page","status-publish","hentry"],"yoast_head":"<!-- This site is optimized with the Yoast SEO plugin v25.4 - https:\/\/yoast.com\/wordpress\/plugins\/seo\/ -->\n<title>UBICACION &#8226; Tiramis\u00fa Pizzer\u00eda &amp; Birreria &#8226; Santiago - CHILE<\/title>\n<meta name=\"description\" content=\"UBICACION Tiramis\u00fa Pizzer\u00eda &amp; Birreria\" \/>\n<meta name=\"robots\" content=\"index, follow, max-snippet:-1, max-image-preview:large, max-video-preview:-1\" \/>\n<link rel=\"canonical\" href=\"https:\/\/tiramisu.cl\/sitio\/ubicacion\/\" \/>\n<meta property=\"og:locale\" content=\"es_ES\" \/>\n<meta property=\"og:type\" content=\"article\" \/>\n<meta property=\"og:title\" content=\"UBICACION &#8226; Tiramis\u00fa Pizzer\u00eda &amp; Birreria &#8226; Santiago - CHILE\" \/>\n<meta property=\"og:description\" content=\"UBICACION Tiramis\u00fa Pizzer\u00eda &amp; Birreria\" \/>\n<meta property=\"og:url\" content=\"https:\/\/tiramisu.cl\/sitio\/ubicacion\/\" \/>\n<meta property=\"og:site_name\" content=\"Tiramis\u00fa Pizzer\u00eda &amp; Birreria\" \/>\n<meta property=\"article:modified_time\" content=\"2023-06-05T21:26:28+00:00\" \/>\n<meta property=\"og:image\" content=\"http:\/\/tiramisu.cl\/sitio\/wp-content\/uploads\/2023\/06\/ubicacion_titulo.png\" \/>\n<meta name=\"twitter:card\" content=\"summary_large_image\" \/>\n<script type=\"application\/ld+json\" class=\"yoast-schema-graph\">{\"@context\":\"https:\/\/schema.org\",\"@graph\":[{\"@type\":\"WebPage\",\"@id\":\"https:\/\/tiramisu.cl\/sitio\/ubicacion\/\",\"url\":\"https:\/\/tiramisu.cl\/sitio\/ubicacion\/\",\"name\":\"UBICACION &#8226; Tiramis\u00fa Pizzer\u00eda &amp; Birreria &#8226; Santiago - CHILE\",\"isPartOf\":{\"@id\":\"https:\/\/tiramisu.cl\/sitio\/#website\"},\"primaryImageOfPage\":{\"@id\":\"https:\/\/tiramisu.cl\/sitio\/ubicacion\/#primaryimage\"},\"image\":{\"@id\":\"https:\/\/tiramisu.cl\/sitio\/ubicacion\/#primaryimage\"},\"thumbnailUrl\":\"http:\/\/tiramisu.cl\/sitio\/wp-content\/uploads\/2023\/06\/ubicacion_titulo.png\",\"datePublished\":\"2023-05-26T20:28:45+00:00\",\"dateModified\":\"2023-06-05T21:26:28+00:00\",\"description\":\"UBICACION Tiramis\u00fa Pizzer\u00eda &amp; Birreria\",\"breadcrumb\":{\"@id\":\"https:\/\/tiramisu.cl\/sitio\/ubicacion\/#breadcrumb\"},\"inLanguage\":\"es\",\"potentialAction\":[{\"@type\":\"ReadAction\",\"target\":[\"https:\/\/tiramisu.cl\/sitio\/ubicacion\/\"]}]},{\"@type\":\"ImageObject\",\"inLanguage\":\"es\",\"@id\":\"https:\/\/tiramisu.cl\/sitio\/ubicacion\/#primaryimage\",\"url\":\"http:\/\/tiramisu.cl\/sitio\/wp-content\/uploads\/2023\/06\/ubicacion_titulo.png\",\"contentUrl\":\"http:\/\/tiramisu.cl\/sitio\/wp-content\/uploads\/2023\/06\/ubicacion_titulo.png\"},{\"@type\":\"BreadcrumbList\",\"@id\":\"https:\/\/tiramisu.cl\/sitio\/ubicacion\/#breadcrumb\",\"itemListElement\":[{\"@type\":\"ListItem\",\"position\":1,\"name\":\"Portada\",\"item\":\"https:\/\/tiramisu.cl\/sitio\/\"},{\"@type\":\"ListItem\",\"position\":2,\"name\":\"UBICACION\"}]},{\"@type\":\"WebSite\",\"@id\":\"https:\/\/tiramisu.cl\/sitio\/#website\",\"url\":\"https:\/\/tiramisu.cl\/sitio\/\",\"name\":\"Tiramis\u00fa pizzer\u00eda birreria\",\"description\":\"Santiago - CHILE\",\"publisher\":{\"@id\":\"https:\/\/tiramisu.cl\/sitio\/#organization\"},\"potentialAction\":[{\"@type\":\"SearchAction\",\"target\":{\"@type\":\"EntryPoint\",\"urlTemplate\":\"https:\/\/tiramisu.cl\/sitio\/?s={search_term_string}\"},\"query-input\":{\"@type\":\"PropertyValueSpecification\",\"valueRequired\":true,\"valueName\":\"search_term_string\"}}],\"inLanguage\":\"es\"},{\"@type\":\"Organization\",\"@id\":\"https:\/\/tiramisu.cl\/sitio\/#organization\",\"name\":\"Tiramis\u00fa pizzer\u00eda birreria\",\"url\":\"https:\/\/tiramisu.cl\/sitio\/\",\"logo\":{\"@type\":\"ImageObject\",\"inLanguage\":\"es\",\"@id\":\"https:\/\/tiramisu.cl\/sitio\/#\/schema\/logo\/image\/\",\"url\":\"https:\/\/tiramisu.cl\/sitio\/wp-content\/uploads\/2023\/05\/logo-2023.png\",\"contentUrl\":\"https:\/\/tiramisu.cl\/sitio\/wp-content\/uploads\/2023\/05\/logo-2023.png\",\"width\":446,\"height\":210,\"caption\":\"Tiramis\u00fa pizzer\u00eda birreria\"},\"image\":{\"@id\":\"https:\/\/tiramisu.cl\/sitio\/#\/schema\/logo\/image\/\"},\"sameAs\":[\"https:\/\/www.instagram.com\/pizzeria_tiramisu\/\"]}]}<\/script>\n<!-- \/ Yoast SEO plugin. -->","yoast_head_json":{"title":"UBICACION &#8226; Tiramis\u00fa Pizzer\u00eda &amp; Birreria &#8226; Santiago - CHILE","description":"UBICACION Tiramis\u00fa Pizzer\u00eda &amp; Birreria","robots":{"index":"index","follow":"follow","max-snippet":"max-snippet:-1","max-image-preview":"max-image-preview:large","max-video-preview":"max-video-preview:-1"},"canonical":"https:\/\/tiramisu.cl\/sitio\/ubicacion\/","og_locale":"es_ES","og_type":"article","og_title":"UBICACION &#8226; Tiramis\u00fa Pizzer\u00eda &amp; Birreria &#8226; Santiago - CHILE","og_description":"UBICACION Tiramis\u00fa Pizzer\u00eda &amp; Birreria","og_url":"https:\/\/tiramisu.cl\/sitio\/ubicacion\/","og_site_name":"Tiramis\u00fa Pizzer\u00eda &amp; Birreria","article_modified_time":"2023-06-05T21:26:28+00:00","og_image":[{"url":"http:\/\/tiramisu.cl\/sitio\/wp-content\/uploads\/2023\/06\/ubicacion_titulo.png","type":"","width":"","height":""}],"twitter_card":"summary_large_image","schema":{"@context":"https:\/\/schema.org","@graph":[{"@type":"WebPage","@id":"https:\/\/tiramisu.cl\/sitio\/ubicacion\/","url":"https:\/\/tiramisu.cl\/sitio\/ubicacion\/","name":"UBICACION &#8226; Tiramis\u00fa Pizzer\u00eda &amp; Birreria &#8226; Santiago - CHILE","isPartOf":{"@id":"https:\/\/tiramisu.cl\/sitio\/#website"},"primaryImageOfPage":{"@id":"https:\/\/tiramisu.cl\/sitio\/ubicacion\/#primaryimage"},"image":{"@id":"https:\/\/tiramisu.cl\/sitio\/ubicacion\/#primaryimage"},"thumbnailUrl":"http:\/\/tiramisu.cl\/sitio\/wp-content\/uploads\/2023\/06\/ubicacion_titulo.png","datePublished":"2023-05-26T20:28:45+00:00","dateModified":"2023-06-05T21:26:28+00:00","description":"UBICACION Tiramis\u00fa Pizzer\u00eda &amp; Birreria","breadcrumb":{"@id":"https:\/\/tiramisu.cl\/sitio\/ubicacion\/#breadcrumb"},"inLanguage":"es","potentialAction":[{"@type":"ReadAction","target":["https:\/\/tiramisu.cl\/sitio\/ubicacion\/"]}]},{"@type":"ImageObject","inLanguage":"es","@id":"https:\/\/tiramisu.cl\/sitio\/ubicacion\/#primaryimage","url":"http:\/\/tiramisu.cl\/sitio\/wp-content\/uploads\/2023\/06\/ubicacion_titulo.png","contentUrl":"http:\/\/tiramisu.cl\/sitio\/wp-content\/uploads\/2023\/06\/ubicacion_titulo.png"},{"@type":"BreadcrumbList","@id":"https:\/\/tiramisu.cl\/sitio\/ubicacion\/#breadcrumb","itemListElement":[{"@type":"ListItem","position":1,"name":"Portada","item":"https:\/\/tiramisu.cl\/sitio\/"},{"@type":"ListItem","position":2,"name":"UBICACION"}]},{"@type":"WebSite","@id":"https:\/\/tiramisu.cl\/sitio\/#website","url":"https:\/\/tiramisu.cl\/sitio\/","name":"Tiramis\u00fa pizzer\u00eda birreria","description":"Santiago - CHILE","publisher":{"@id":"https:\/\/tiramisu.cl\/sitio\/#organization"},"potentialAction":[{"@type":"SearchAction","target":{"@type":"EntryPoint","urlTemplate":"https:\/\/tiramisu.cl\/sitio\/?s={search_term_string}"},"query-input":{"@type":"PropertyValueSpecification","valueRequired":true,"valueName":"search_term_string"}}],"inLanguage":"es"},{"@type":"Organization","@id":"https:\/\/tiramisu.cl\/sitio\/#organization","name":"Tiramis\u00fa pizzer\u00eda birreria","url":"https:\/\/tiramisu.cl\/sitio\/","logo":{"@type":"ImageObject","inLanguage":"es","@id":"https:\/\/tiramisu.cl\/sitio\/#\/schema\/logo\/image\/","url":"https:\/\/tiramisu.cl\/sitio\/wp-content\/uploads\/2023\/05\/logo-2023.png","contentUrl":"https:\/\/tiramisu.cl\/sitio\/wp-content\/uploads\/2023\/05\/logo-2023.png","width":446,"height":210,"caption":"Tiramis\u00fa pizzer\u00eda birreria"},"image":{"@id":"https:\/\/tiramisu.cl\/sitio\/#\/schema\/logo\/image\/"},"sameAs":["https:\/\/www.instagram.com\/pizzeria_tiramisu\/"]}]}},"_links":{"self":[{"href":"https:\/\/tiramisu.cl\/sitio\/wp-json\/wp\/v2\/pages\/151","targetHints":{"allow":["GET"]}}],"collection":[{"href":"https:\/\/tiramisu.cl\/sitio\/wp-json\/wp\/v2\/pages"}],"about":[{"href":"https:\/\/tiramisu.cl\/sitio\/wp-json\/wp\/v2\/types\/page"}],"author":[{"embeddable":true,"href":"https:\/\/tiramisu.cl\/sitio\/wp-json\/wp\/v2\/users\/1"}],"replies":[{"embeddable":true,"href":"https:\/\/tiramisu.cl\/sitio\/wp-json\/wp\/v2\/comments?post=151"}],"version-history":[{"count":0,"href":"https:\/\/tiramisu.cl\/sitio\/wp-json\/wp\/v2\/pages\/151\/revisions"}],"wp:attachment":[{"href":"https:\/\/tiramisu.cl\/sitio\/wp-json\/wp\/v2\/media?parent=151"}],"curies":[{"name":"wp","href":"https:\/\/api.w.org\/{rel}","templated":true}]}}